{"id":1186,"date":"2021-06-09T09:00:27","date_gmt":"2021-06-09T07:00:27","guid":{"rendered":"https:\/\/kamperen.qodeinteractive.com\/?page_id=1186"},"modified":"2025-03-17T16:45:46","modified_gmt":"2025-03-17T14:45:46","slug":"cenik","status":"publish","type":"page","link":"https:\/\/www.golife-center.com\/en\/cenik\/","title":{"rendered":"Price"},"content":{"rendered":"<div data-elementor-type=\"wp-page\" data-elementor-id=\"1186\" class=\"elementor elementor-1186\">\n\t\t\t\t\t\t<section class=\"elementor-section elementor-top-section elementor-element elementor-element-b4248e1 elementor-section-full_width qodef-elementor-content-grid elementor-section-height-default elementor-section-height-default\" data-id=\"b4248e1\" data-element_type=\"section\" data-e-type=\"section\">\n\t\t\t\t\t\t<div class=\"elementor-container elementor-column-gap-default\">\n\t\t\t\t\t<div class=\"elementor-column elementor-col-50 elementor-top-column elementor-element elementor-element-fa6b529\" data-id=\"fa6b529\" data-element_type=\"column\" data-e-type=\"column\">\n\t\t\t<div class=\"elementor-widget-wrap elementor-element-populated\">\n\t\t\t\t\t\t<div class=\"elementor-element elementor-element-9fe33ea elementor-widget elementor-widget-kamperen_core_season_price_table\" data-id=\"9fe33ea\" data-element_type=\"widget\" data-e-type=\"widget\" data-widget_type=\"kamperen_core_season_price_table.default\">\n\t\t\t\t<div class=\"elementor-widget-container\">\n\t\t\t\t\t<div class=\"qodef-shortcode qodef-m  qodef-season-price-table qodef-grid qodef-layout--columns qodef-responsive--predefined\">\n\t<div class=\"qodef-grid-inner clear\">\n\t\t<div class=\"qodef-e-heading\">\n\t\t\t<div class=\"qodef-e-item\">\n\t\t\t\t<h6> Price List <\/h6>\n\t\t\t\t\t\t\t\t\t<div class=\"qodef-e-price-label\">\n\t\t\t\t\t\tGLAMPING 2024\t\t\t\t\t<\/div>\n\t\t\t\t\t\t\t<\/div>\n\t\t\t<div class=\"qodef-e-item\">\n\t\t\t\t<h6> Low Season <\/h6>\n\t\t\t\t\t\t\t\t\t<div class=\"qodef-e-price-label\">\n\t\t\t\t\t\t2.1.\u201316.6. in 1.9.\u201323.12.\t\t\t\t\t<\/div>\n\t\t\t\t\t\t\t<\/div>\n\t\t\t<div class=\"qodef-e-item\">\n\t\t\t\t<h6> High Season <\/h6>\n\t\t\t\t\t\t\t\t\t<div class=\"qodef-e-price-label\">\n\t\t\t\t\t\t17.6. \u2013 31.8. in 24.12. \u2013 2.1.\t\t\t\t\t<\/div>\n\t\t\t\t\t\t\t<\/div>\n\t\t<\/div>\n\t\t\n\t\t<div class=\"qodef-e-content\">\n\t\t\t\t\t\t\t<div class=\"qodef-e-item\">\n\t\t\t\t\t\t\t\t\t\t\t<div class=\"qodef-e-item-content\">\n\t\t\t\t\t\t\tCene veljajo za 2+ no\u010ditev\t\t\t\t\t\t<\/div>\n\t\t\t\t\t\t\t\t\t\t\t\t\t\t\t\t<div class=\"qodef-e-item-content\">\n\t\t\t\t\t\t\t1 no\u010d (+20\u20ac)\t\t\t\t\t\t<\/div>\n\t\t\t\t\t\t\t\t\t\t\t\t\t\t\t\t<div class=\"qodef-e-item-content\">\n\t\t\t\t\t\t\t1 no\u010d (+20\u20ac)\t\t\t\t\t\t<\/div>\n\t\t\t\t\t\t\t\t\t<\/div>\n\t\t\t\t\t\t\t<div class=\"qodef-e-item\">\n\t\t\t\t\t\t\t\t\t\t\t<div class=\"qodef-e-item-content\">\n\t\t\t\t\t\t\tGlamping apartma LUX (2 osebi) Dodatna oseba (+30\u20ac)\t\t\t\t\t\t<\/div>\n\t\t\t\t\t\t\t\t\t\t\t\t\t\t\t\t<div class=\"qodef-e-item-content\">\n\t\t\t\t\t\t\t160\u20ac\t\t\t\t\t\t<\/div>\n\t\t\t\t\t\t\t\t\t\t\t\t\t\t\t\t<div class=\"qodef-e-item-content\">\n\t\t\t\t\t\t\t220\u20ac\t\t\t\t\t\t<\/div>\n\t\t\t\t\t\t\t\t\t<\/div>\n\t\t\t\t\t\t\t<div class=\"qodef-e-item\">\n\t\t\t\t\t\t\t\t\t\t\t<div class=\"qodef-e-item-content\">\n\t\t\t\t\t\t\tGlamping hi\u0161ka LUX (2 osebi)\t\t\t\t\t\t<\/div>\n\t\t\t\t\t\t\t\t\t\t\t\t\t\t\t\t<div class=\"qodef-e-item-content\">\n\t\t\t\t\t\t\t130\u20ac\t\t\t\t\t\t<\/div>\n\t\t\t\t\t\t\t\t\t\t\t\t\t\t\t\t<div class=\"qodef-e-item-content\">\n\t\t\t\t\t\t\t190\u20ac\t\t\t\t\t\t<\/div>\n\t\t\t\t\t\t\t\t\t<\/div>\n\t\t\t\t\t\t\t<div class=\"qodef-e-item\">\n\t\t\t\t\t\t\t\t\t\t\t<div class=\"qodef-e-item-content\">\n\t\t\t\t\t\t\tGlamping\t\t\t\t\t\t<\/div>\n\t\t\t\t\t\t\t\t\t\t\t\t\t\t\t\t<div class=\"qodef-e-item-content\">\n\t\t\t\t\t\t\t80\u20ac\t\t\t\t\t\t<\/div>\n\t\t\t\t\t\t\t\t\t\t\t\t\t\t\t\t<div class=\"qodef-e-item-content\">\n\t\t\t\t\t\t\t120\u20ac\t\t\t\t\t\t<\/div>\n\t\t\t\t\t\t\t\t\t<\/div>\n\t\t\t\t\t\t\t<div class=\"qodef-e-item\">\n\t\t\t\t\t\t\t\t\t\t\t<div class=\"qodef-e-item-content\">\n\t\t\t\t\t\t\tParking\t\t\t\t\t\t<\/div>\n\t\t\t\t\t\t\t\t\t\t\t\t\t\t\t\t<div class=\"qodef-e-item-content\">\n\t\t\t\t\t\t\tVklju\u010deno\t\t\t\t\t\t<\/div>\n\t\t\t\t\t\t\t\t\t\t\t\t\t\t\t\t<div class=\"qodef-e-item-content\">\n\t\t\t\t\t\t\tVklju\u010deno\t\t\t\t\t\t<\/div>\n\t\t\t\t\t\t\t\t\t<\/div>\n\t\t\t\t\t\t\t<div class=\"qodef-e-item\">\n\t\t\t\t\t\t\t\t\t\t\t<div class=\"qodef-e-item-content\">\n\t\t\t\t\t\t\tZajtrk\t\t\t\t\t\t<\/div>\n\t\t\t\t\t\t\t\t\t\t\t\t\t\t\t\t<div class=\"qodef-e-item-content\">\n\t\t\t\t\t\t\t12\u20ac\/oseba\t\t\t\t\t\t<\/div>\n\t\t\t\t\t\t\t\t\t\t\t\t\t\t\t\t<div class=\"qodef-e-item-content\">\n\t\t\t\t\t\t\t12\u20ac\/oseba\t\t\t\t\t\t<\/div>\n\t\t\t\t\t\t\t\t\t<\/div>\n\t\t\t\t\t\t\t<div class=\"qodef-e-item\">\n\t\t\t\t\t\t\t\t\t\t\t<div class=\"qodef-e-item-content\">\n\t\t\t\t\t\t\tE-Kolo\t\t\t\t\t\t<\/div>\n\t\t\t\t\t\t\t\t\t\t\t\t\t\t\t\t<div class=\"qodef-e-item-content\">\n\t\t\t\t\t\t\t40\u20ac\/dan\t\t\t\t\t\t<\/div>\n\t\t\t\t\t\t\t\t\t\t\t\t\t\t\t\t<div class=\"qodef-e-item-content\">\n\t\t\t\t\t\t\t40\u20ac\/dan\t\t\t\t\t\t<\/div>\n\t\t\t\t\t\t\t\t\t<\/div>\n\t\t\t\t\t<\/div>\n\t<\/div>\n<\/div>\n\t\t\t\t<\/div>\n\t\t\t\t<\/div>\n\t\t\t\t\t<\/div>\n\t\t<\/div>\n\t\t\t\t<div class=\"elementor-column elementor-col-50 elementor-top-column elementor-element elementor-element-4d65220\" data-id=\"4d65220\" data-element_type=\"column\" data-e-type=\"column\">\n\t\t\t<div class=\"elementor-widget-wrap elementor-element-populated\">\n\t\t\t\t\t\t<div class=\"elementor-element elementor-element-07a1636 elementor-widget elementor-widget-image\" data-id=\"07a1636\" data-element_type=\"widget\" data-e-type=\"widget\" data-widget_type=\"image.default\">\n\t\t\t\t<div class=\"elementor-widget-container\">\n\t\t\t\t\t\t\t\t\t\t\t\t\t\t\t<img fetchpriority=\"high\" decoding=\"async\" width=\"1000\" height=\"750\" src=\"https:\/\/www.golife-center.com\/wp-content\/uploads\/2023\/07\/DJI_0268-2.jpg\" class=\"attachment-full size-full wp-image-8704\" alt=\"\" srcset=\"https:\/\/www.golife-center.com\/wp-content\/uploads\/2023\/07\/DJI_0268-2.jpg 1000w, https:\/\/www.golife-center.com\/wp-content\/uploads\/2023\/07\/DJI_0268-2-300x225.jpg 300w, https:\/\/www.golife-center.com\/wp-content\/uploads\/2023\/07\/DJI_0268-2-768x576.jpg 768w, https:\/\/www.golife-center.com\/wp-content\/uploads\/2023\/07\/DJI_0268-2-16x12.jpg 16w\" sizes=\"(max-width: 1000px) 100vw, 1000px\" \/>\t\t\t\t\t\t\t\t\t\t\t\t\t\t\t<\/div>\n\t\t\t\t<\/div>\n\t\t\t\t\t<\/div>\n\t\t<\/div>\n\t\t\t\t\t<\/div>\n\t\t<\/section>\n\t\t\t\t<section class=\"elementor-section elementor-top-section elementor-element elementor-element-3a88856 elementor-section-full_width qodef-elementor-content-grid elementor-reverse-tablet elementor-reverse-mobile elementor-section-height-default elementor-section-height-default\" data-id=\"3a88856\" data-element_type=\"section\" data-e-type=\"section\">\n\t\t\t\t\t\t<div class=\"elementor-container elementor-column-gap-default\">\n\t\t\t\t\t<div class=\"elementor-column elementor-col-50 elementor-top-column elementor-element elementor-element-9e0d248\" data-id=\"9e0d248\" data-element_type=\"column\" data-e-type=\"column\">\n\t\t\t<div class=\"elementor-widget-wrap elementor-element-populated\">\n\t\t\t\t\t\t<div class=\"elementor-element elementor-element-bc9c2e5 elementor-widget elementor-widget-kamperen_core_season_price_table\" data-id=\"bc9c2e5\" data-element_type=\"widget\" data-e-type=\"widget\" data-widget_type=\"kamperen_core_season_price_table.default\">\n\t\t\t\t<div class=\"elementor-widget-container\">\n\t\t\t\t\t<div class=\"qodef-shortcode qodef-m  qodef-season-price-table qodef-grid qodef-layout--columns qodef-responsive--predefined\">\n\t<div class=\"qodef-grid-inner clear\">\n\t\t<div class=\"qodef-e-heading\">\n\t\t\t<div class=\"qodef-e-item\">\n\t\t\t\t<h6> Price List <\/h6>\n\t\t\t\t\t\t\t\t\t<div class=\"qodef-e-price-label\">\n\t\t\t\t\t\tKAMP\t\t\t\t\t<\/div>\n\t\t\t\t\t\t\t<\/div>\n\t\t\t<div class=\"qodef-e-item\">\n\t\t\t\t<h6> Low Season <\/h6>\n\t\t\t\t\t\t\t\t\t<div class=\"qodef-e-price-label\">\n\t\t\t\t\t\t1.4.-28.4. in 1.10-15.11\t\t\t\t\t<\/div>\n\t\t\t\t\t\t\t<\/div>\n\t\t\t<div class=\"qodef-e-item\">\n\t\t\t\t<h6> High Season <\/h6>\n\t\t\t\t\t\t\t\t\t<div class=\"qodef-e-price-label\">\n\t\t\t\t\t\t29.4.-30.9.\t\t\t\t\t<\/div>\n\t\t\t\t\t\t\t<\/div>\n\t\t<\/div>\n\t\t\n\t\t<div class=\"qodef-e-content\">\n\t\t\t\t\t\t\t<div class=\"qodef-e-item\">\n\t\t\t\t\t\t\t\t\t\t\t<div class=\"qodef-e-item-content\">\n\t\t\t\t\t\t\tProstor za avtodom (2 osebi)\t\t\t\t\t\t<\/div>\n\t\t\t\t\t\t\t\t\t\t\t\t\t\t\t\t<div class=\"qodef-e-item-content\">\n\t\t\t\t\t\t\t20\u20ac\t\t\t\t\t\t<\/div>\n\t\t\t\t\t\t\t\t\t\t\t\t\t\t\t\t<div class=\"qodef-e-item-content\">\n\t\t\t\t\t\t\t30\u20ac\t\t\t\t\t\t<\/div>\n\t\t\t\t\t\t\t\t\t<\/div>\n\t\t\t\t\t\t\t<div class=\"qodef-e-item\">\n\t\t\t\t\t\t\t\t\t\t\t<div class=\"qodef-e-item-content\">\n\t\t\t\t\t\t\t\u0160otori\u0161\u010de (2 osebi)\t\t\t\t\t\t<\/div>\n\t\t\t\t\t\t\t\t\t\t\t\t\t\t\t\t<div class=\"qodef-e-item-content\">\n\t\t\t\t\t\t\t10\u20ac\t\t\t\t\t\t<\/div>\n\t\t\t\t\t\t\t\t\t\t\t\t\t\t\t\t<div class=\"qodef-e-item-content\">\n\t\t\t\t\t\t\t20\u20ac\t\t\t\t\t\t<\/div>\n\t\t\t\t\t\t\t\t\t<\/div>\n\t\t\t\t\t\t\t<div class=\"qodef-e-item\">\n\t\t\t\t\t\t\t\t\t\t\t<div class=\"qodef-e-item-content\">\n\t\t\t\t\t\t\tDodatna oseba\t\t\t\t\t\t<\/div>\n\t\t\t\t\t\t\t\t\t\t\t\t\t\t\t\t<div class=\"qodef-e-item-content\">\n\t\t\t\t\t\t\t10\u20ac\t\t\t\t\t\t<\/div>\n\t\t\t\t\t\t\t\t\t\t\t\t\t\t\t\t<div class=\"qodef-e-item-content\">\n\t\t\t\t\t\t\t10\u20ac\t\t\t\t\t\t<\/div>\n\t\t\t\t\t\t\t\t\t<\/div>\n\t\t\t\t\t\t\t<div class=\"qodef-e-item\">\n\t\t\t\t\t\t\t\t\t\t\t<div class=\"qodef-e-item-content\">\n\t\t\t\t\t\t\tHi\u0161ni ljubljen\u010dki\t\t\t\t\t\t<\/div>\n\t\t\t\t\t\t\t\t\t\t\t\t\t\t\t\t<div class=\"qodef-e-item-content\">\n\t\t\t\t\t\t\t7\u20ac\t\t\t\t\t\t<\/div>\n\t\t\t\t\t\t\t\t\t\t\t\t\t\t\t\t<div class=\"qodef-e-item-content\">\n\t\t\t\t\t\t\t7\u20ac\t\t\t\t\t\t<\/div>\n\t\t\t\t\t\t\t\t\t<\/div>\n\t\t\t\t\t\t\t<div class=\"qodef-e-item\">\n\t\t\t\t\t\t\t\t\t\t\t<div class=\"qodef-e-item-content\">\n\t\t\t\t\t\t\tElectricity\t\t\t\t\t\t<\/div>\n\t\t\t\t\t\t\t\t\t\t\t\t\t\t\t\t<div class=\"qodef-e-item-content\">\n\t\t\t\t\t\t\t0,50\u20ac\/kWh\t\t\t\t\t\t<\/div>\n\t\t\t\t\t\t\t\t\t\t\t\t\t\t\t\t<div class=\"qodef-e-item-content\">\n\t\t\t\t\t\t\t0,50\u20ac\/kWh\t\t\t\t\t\t<\/div>\n\t\t\t\t\t\t\t\t\t<\/div>\n\t\t\t\t\t\t\t<div class=\"qodef-e-item\">\n\t\t\t\t\t\t\t\t\t\t\t<div class=\"qodef-e-item-content\">\n\t\t\t\t\t\t\tInternet \t\t\t\t\t\t<\/div>\n\t\t\t\t\t\t\t\t\t\t\t\t\t\t\t\t<div class=\"qodef-e-item-content\">\n\t\t\t\t\t\t\tFree\t\t\t\t\t\t<\/div>\n\t\t\t\t\t\t\t\t\t\t\t\t\t\t\t\t<div class=\"qodef-e-item-content\">\n\t\t\t\t\t\t\tFree\t\t\t\t\t\t<\/div>\n\t\t\t\t\t\t\t\t\t<\/div>\n\t\t\t\t\t\t\t<div class=\"qodef-e-item\">\n\t\t\t\t\t\t\t\t\t\t\t<div class=\"qodef-e-item-content\">\n\t\t\t\t\t\t\tZajtrk\t\t\t\t\t\t<\/div>\n\t\t\t\t\t\t\t\t\t\t\t\t\t\t\t\t<div class=\"qodef-e-item-content\">\n\t\t\t\t\t\t\t12\u20ac\/oseba\t\t\t\t\t\t<\/div>\n\t\t\t\t\t\t\t\t\t\t\t\t\t\t\t\t<div class=\"qodef-e-item-content\">\n\t\t\t\t\t\t\t12\u20ac\/oseba\t\t\t\t\t\t<\/div>\n\t\t\t\t\t\t\t\t\t<\/div>\n\t\t\t\t\t\t\t<div class=\"qodef-e-item\">\n\t\t\t\t\t\t\t\t\t\t\t<div class=\"qodef-e-item-content\">\n\t\t\t\t\t\t\tE-Kolo\t\t\t\t\t\t<\/div>\n\t\t\t\t\t\t\t\t\t\t\t\t\t\t\t\t<div class=\"qodef-e-item-content\">\n\t\t\t\t\t\t\t40\u20ac\/dan\t\t\t\t\t\t<\/div>\n\t\t\t\t\t\t\t\t\t\t\t\t\t\t\t\t<div class=\"qodef-e-item-content\">\n\t\t\t\t\t\t\t40\u20ac\/dan\t\t\t\t\t\t<\/div>\n\t\t\t\t\t\t\t\t\t<\/div>\n\t\t\t\t\t\t\t<div class=\"qodef-e-item\">\n\t\t\t\t\t\t\t\t\t\t\t\t\t\t\t\t\t\t\t<\/div>\n\t\t\t\t\t<\/div>\n\t<\/div>\n<\/div>\n\t\t\t\t<\/div>\n\t\t\t\t<\/div>\n\t\t\t\t\t<\/div>\n\t\t<\/div>\n\t\t\t\t<div class=\"elementor-column elementor-col-50 elementor-top-column elementor-element elementor-element-e579596\" data-id=\"e579596\" data-element_type=\"column\" data-e-type=\"column\">\n\t\t\t<div class=\"elementor-widget-wrap elementor-element-populated\">\n\t\t\t\t\t\t<div class=\"elementor-element elementor-element-9f7ef5c elementor-widget elementor-widget-image\" data-id=\"9f7ef5c\" data-element_type=\"widget\" data-e-type=\"widget\" data-widget_type=\"image.default\">\n\t\t\t\t<div class=\"elementor-widget-container\">\n\t\t\t\t\t\t\t\t\t\t\t\t\t\t\t<img decoding=\"async\" width=\"1000\" height=\"750\" src=\"https:\/\/www.golife-center.com\/wp-content\/uploads\/2023\/07\/194.jpg\" class=\"attachment-full size-full wp-image-8706\" alt=\"\" srcset=\"https:\/\/www.golife-center.com\/wp-content\/uploads\/2023\/07\/194.jpg 1000w, https:\/\/www.golife-center.com\/wp-content\/uploads\/2023\/07\/194-300x225.jpg 300w, https:\/\/www.golife-center.com\/wp-content\/uploads\/2023\/07\/194-768x576.jpg 768w, https:\/\/www.golife-center.com\/wp-content\/uploads\/2023\/07\/194-16x12.jpg 16w\" sizes=\"(max-width: 1000px) 100vw, 1000px\" \/>\t\t\t\t\t\t\t\t\t\t\t\t\t\t\t<\/div>\n\t\t\t\t<\/div>\n\t\t\t\t\t<\/div>\n\t\t<\/div>\n\t\t\t\t\t<\/div>\n\t\t<\/section>\n\t\t\t\t<\/div>","protected":false},"excerpt":{"rendered":"<p>Price List GLAMPING 2024 Low Season 2.1.\u201316.6. in 1.9.\u201323.12. High Season 17.6. \u2013 31.8. in 24.12. \u2013 2.1. Cene veljajo za 2+ no\u010ditev 1 no\u010d (+20\u20ac) 1 no\u010d (+20\u20ac) Glamping apartma LUX (2 osebi) Dodatna oseba (+30\u20ac) 160\u20ac 220\u20ac Glamping hi\u0161ka LUX (2 osebi) 130\u20ac 190\u20ac Glamping 80\u20ac 120\u20ac Parking Vklju\u010deno Vklju\u010deno Zajtrk 12\u20ac\/oseba 12\u20ac\/oseba [&hellip;]<\/p>\n","protected":false},"author":1,"featured_media":0,"parent":0,"menu_order":0,"comment_status":"closed","ping_status":"closed","template":"page-full-width.php","meta":{"footnotes":""},"class_list":["post-1186","page","type-page","status-publish","hentry"],"_links":{"self":[{"href":"https:\/\/www.golife-center.com\/en\/wp-json\/wp\/v2\/pages\/1186","targetHints":{"allow":["GET"]}}],"collection":[{"href":"https:\/\/www.golife-center.com\/en\/wp-json\/wp\/v2\/pages"}],"about":[{"href":"https:\/\/www.golife-center.com\/en\/wp-json\/wp\/v2\/types\/page"}],"author":[{"embeddable":true,"href":"https:\/\/www.golife-center.com\/en\/wp-json\/wp\/v2\/users\/1"}],"replies":[{"embeddable":true,"href":"https:\/\/www.golife-center.com\/en\/wp-json\/wp\/v2\/comments?post=1186"}],"version-history":[{"count":47,"href":"https:\/\/www.golife-center.com\/en\/wp-json\/wp\/v2\/pages\/1186\/revisions"}],"predecessor-version":[{"id":9096,"href":"https:\/\/www.golife-center.com\/en\/wp-json\/wp\/v2\/pages\/1186\/revisions\/9096"}],"wp:attachment":[{"href":"https:\/\/www.golife-center.com\/en\/wp-json\/wp\/v2\/media?parent=1186"}],"curies":[{"name":"wp","href":"https:\/\/api.w.org\/{rel}","templated":true}]}}