{"id":1530,"date":"2021-06-10T08:05:45","date_gmt":"2021-06-10T06:05:45","guid":{"rendered":"https:\/\/kamperen.qodeinteractive.com\/?page_id=1530"},"modified":"2024-05-30T14:38:33","modified_gmt":"2024-05-30T12:38:33","slug":"golife-center","status":"publish","type":"page","link":"https:\/\/www.golife-center.com\/en\/golife-center\/","title":{"rendered":"GoLife Center"},"content":{"rendered":"<div data-elementor-type=\"wp-page\" data-elementor-id=\"1530\" class=\"elementor elementor-1530\">\n\t\t\t\t\t\t<section class=\"elementor-section elementor-top-section elementor-element elementor-element-e566c9d elementor-section-full_width qodef-elementor-content-grid elementor-section-height-default elementor-section-height-default\" data-id=\"e566c9d\" data-element_type=\"section\" data-e-type=\"section\">\n\t\t\t\t\t\t<div class=\"elementor-container elementor-column-gap-default\">\n\t\t\t\t\t<div class=\"elementor-column elementor-col-100 elementor-top-column elementor-element elementor-element-09f075c\" data-id=\"09f075c\" data-element_type=\"column\" data-e-type=\"column\">\n\t\t\t<div class=\"elementor-widget-wrap elementor-element-populated\">\n\t\t\t\t\t\t<div class=\"elementor-element elementor-element-376887b elementor-widget elementor-widget-kamperen_core_section_title\" data-id=\"376887b\" data-element_type=\"widget\" data-e-type=\"widget\" data-widget_type=\"kamperen_core_section_title.default\">\n\t\t\t\t<div class=\"elementor-widget-container\">\n\t\t\t\t\t<div class=\"qodef-shortcode qodef-m  qodef-section-title qodef-alignment--center\">\n\t\t<div class=\"qodef-m-tagline-mark\" >\n\t\tAbout us\t<\/div>\n\t\t<h2 class=\"qodef-m-title\" >\n\t\t\t\t\tWelcome to GoLife<br \/> \t\t\t<\/h2>\n\t\t<p class=\"qodef-m-text\" >Kamp Golice is located in the heart of Tuhinj valley, right under 1508m high Menina planina hill. It is starting point to explore Menina and have active break.                           \n\n<\/p>\n<\/div>\n\t\t\t\t<\/div>\n\t\t\t\t<\/div>\n\t\t\t\t\t<\/div>\n\t\t<\/div>\n\t\t\t\t\t<\/div>\n\t\t<\/section>\n\t\t\t\t<section class=\"elementor-section elementor-top-section elementor-element elementor-element-c42f007 elementor-section-full_width qodef-elementor-content-grid elementor-section-content-bottom elementor-section-height-default elementor-section-height-default\" data-id=\"c42f007\" data-element_type=\"section\" data-e-type=\"section\" data-settings=\"{&quot;background_background&quot;:&quot;classic&quot;}\">\n\t\t\t\t\t\t<div class=\"elementor-container elementor-column-gap-default\">\n\t\t\t\t\t<div class=\"elementor-column elementor-col-20 elementor-top-column elementor-element elementor-element-70a524f elementor-hidden-tablet elementor-hidden-mobile\" data-id=\"70a524f\" data-element_type=\"column\" data-e-type=\"column\" data-settings=\"{&quot;background_background&quot;:&quot;classic&quot;}\">\n\t\t\t<div class=\"elementor-widget-wrap\">\n\t\t\t\t\t\t\t<\/div>\n\t\t<\/div>\n\t\t\t\t<div class=\"elementor-column elementor-col-20 elementor-top-column elementor-element elementor-element-c9f2ee7\" data-id=\"c9f2ee7\" data-element_type=\"column\" data-e-type=\"column\">\n\t\t\t<div class=\"elementor-widget-wrap elementor-element-populated\">\n\t\t\t\t\t\t<div class=\"elementor-element elementor-element-87b2a26 elementor-widget elementor-widget-kamperen_core_icon_with_text\" data-id=\"87b2a26\" data-element_type=\"widget\" data-e-type=\"widget\" data-widget_type=\"kamperen_core_icon_with_text.default\">\n\t\t\t\t<div class=\"elementor-widget-container\">\n\t\t\t\t\t<div class=\"qodef-shortcode qodef-m  qodef-icon-with-text qodef-layout--top qodef--custom-svg  qodef-alignment--center\">\n\t<div class=\"qodef-m-content\" >\n\t\t\t<div class=\"qodef-m-svg\">\n\t\t<svg xmlns=\"http:\/\/www.w3.org\/2000\/svg\" width=\"121.867\" height=\"57.467\" viewbox=\"0 0 121.867 57.467\">\n  <path id=\"camper\" d=\"M92.674,3.882H81.1a.607.607,0,0,0-.643.642V9.531a.607.607,0,0,0,.643.642H92.674a.607.607,0,0,0,.643-.642V4.524c.129-.385-.257-.642-.643-.642Zm-46.566,12.2H28.742a1.382,1.382,0,0,0-1.286,1.284V27.378a1.382,1.382,0,0,0,1.286,1.284H46.108a1.382,1.382,0,0,0,1.286-1.284V17.363a1.288,1.288,0,0,0-1.286-1.284Zm10.548,0h8.1a2.252,2.252,0,0,1,2.187,2.183V45.225a2.252,2.252,0,0,1-2.187,2.183h-8.1a2.252,2.252,0,0,1-2.187-2.183V18.262a2.252,2.252,0,0,1,2.187-2.183ZM17.808,10.815H5.074a.993.993,0,0,0-.9,1.027v7.19a.878.878,0,0,0,.9.9H17.808a.878.878,0,0,0,.9-.9v-7.19a.91.91,0,0,0-.9-1.027Zm93,18.489-17.88-.514A2.785,2.785,0,0,1,91,27.378l-1.8-7.832c-.129-.642.129-.9.643-.9l10.677.128m4.759,22.6a7.447,7.447,0,1,1-7.461,7.447,7.459,7.459,0,0,1,7.461-7.447Zm-71.778,0a7.447,7.447,0,1,1-7.461,7.447A7.459,7.459,0,0,1,33.5,41.373ZM95.89,14.924A76.306,76.306,0,0,1,110.3,29.3l.9.514a26.033,26.033,0,0,1,6.946,3.082,3.421,3.421,0,0,1,1.286,1.8c1.672,4.751,1.286,8.731.9,13.738a2.339,2.339,0,0,1-2.058,1.8l-5.66.514h-.129m-14.407.128c-19.038.128-38.2.128-57.371,0M26.427,51H4.559C2.5,50.875.7,49.719.7,47.408L.829,7.348c0-1.8.772-2.825,2.573-2.825H52.926a25.42,25.42,0,0,0,4.5-.514l8.1-2.311A28.663,28.663,0,0,1,72.864.8H90.23c6.818,0,9.262,2.825,13.635,7.062,1.672,1.541,2.187,4.494.772,6.163a1.873,1.873,0,0,1-1.158.77H77.495\" transform=\"translate(0.3 0.2)\" fill=\"none\" stroke=\"#446851\" stroke-linecap=\"round\" stroke-miterlimit=\"22.926\" stroke-width=\"2\" fill-rule=\"evenodd\"\/>\n<\/svg>\n\t\t\t<\/div>\n\t\t\t<span class=\"qodef-m-title\" >\n\t\t\t\t\t<span class=\"qodef-m-title-text\">8 spots for campervans<\/span>\n\t\t\t<\/span>\n\t\t\t<\/div>\n<\/div>\n\t\t\t\t<\/div>\n\t\t\t\t<\/div>\n\t\t\t\t\t<\/div>\n\t\t<\/div>\n\t\t\t\t<div class=\"elementor-column elementor-col-20 elementor-top-column elementor-element elementor-element-adfd391\" data-id=\"adfd391\" data-element_type=\"column\" data-e-type=\"column\">\n\t\t\t<div class=\"elementor-widget-wrap elementor-element-populated\">\n\t\t\t\t\t\t<div class=\"elementor-element elementor-element-f571bf6 elementor-widget elementor-widget-kamperen_core_icon_with_text\" data-id=\"f571bf6\" data-element_type=\"widget\" data-e-type=\"widget\" data-widget_type=\"kamperen_core_icon_with_text.default\">\n\t\t\t\t<div class=\"elementor-widget-container\">\n\t\t\t\t\t<div class=\"qodef-shortcode qodef-m  qodef-icon-with-text qodef-layout--top qodef--custom-svg  qodef-alignment--center\">\n\t<div class=\"qodef-m-content\" >\n\t\t\t<div class=\"qodef-m-svg\">\n\t\t<svg xmlns=\"http:\/\/www.w3.org\/2000\/svg\" width=\"70.977\" height=\"46.381\" viewbox=\"0 0 70.977 46.381\">\n  <path id=\"tent\" d=\"M182.722,323.678l-8.635-26.035L153.421,280.09m-26.109,43.588,8.387-26.54,20.631-17.048m-35.8,43.588h68.977m-47.672,0,13.183-20.492L168.2,323.68\" transform=\"translate(-119.529 -278.681)\" fill=\"none\" stroke=\"#446851\" stroke-linecap=\"round\" stroke-linejoin=\"round\" stroke-miterlimit=\"22.926\" stroke-width=\"2\" fill-rule=\"evenodd\"\/>\n<\/svg>\n\t\t\t<\/div>\n\t\t\t<span class=\"qodef-m-title\" >\n\t\t\t\t\t<span class=\"qodef-m-title-text\">8 tents<\/span>\n\t\t\t<\/span>\n\t\t\t<\/div>\n<\/div>\n\t\t\t\t<\/div>\n\t\t\t\t<\/div>\n\t\t\t\t\t<\/div>\n\t\t<\/div>\n\t\t\t\t<div class=\"elementor-column elementor-col-20 elementor-top-column elementor-element elementor-element-68e13e6\" data-id=\"68e13e6\" data-element_type=\"column\" data-e-type=\"column\">\n\t\t\t<div class=\"elementor-widget-wrap elementor-element-populated\">\n\t\t\t\t\t\t<section class=\"elementor-section elementor-inner-section elementor-element elementor-element-20bb177 elementor-section-boxed elementor-section-height-default elementor-section-height-default qodef-elementor-content-no\" data-id=\"20bb177\" data-element_type=\"section\" data-e-type=\"section\">\n\t\t\t\t\t\t<div class=\"elementor-container elementor-column-gap-default\">\n\t\t\t\t\t<div class=\"elementor-column elementor-col-100 elementor-inner-column elementor-element elementor-element-329bacf\" data-id=\"329bacf\" data-element_type=\"column\" data-e-type=\"column\">\n\t\t\t<div class=\"elementor-widget-wrap elementor-element-populated\">\n\t\t\t\t\t\t<div class=\"elementor-element elementor-element-43d05aa elementor-widget elementor-widget-kamperen_core_icon_with_text\" data-id=\"43d05aa\" data-element_type=\"widget\" data-e-type=\"widget\" data-widget_type=\"kamperen_core_icon_with_text.default\">\n\t\t\t\t<div class=\"elementor-widget-container\">\n\t\t\t\t\t<div class=\"qodef-shortcode qodef-m  qodef-icon-with-text qodef-layout--top qodef--custom-svg  qodef-alignment--center\">\n\t<div class=\"qodef-m-content\" >\n\t\t\t<div class=\"qodef-m-svg\">\n\t\t<svg xmlns=\"http:\/\/www.w3.org\/2000\/svg\" width=\"98.771\" height=\"60.701\" viewbox=\"0 0 98.771 60.701\">\n  <path id=\"glamp\" d=\"M185.784,243.324l47.932-41.5,48.018,41.5m-6.478-5.034a41.1,41.1,0,0,1,0,11.442,32.772,32.772,0,0,1-3.693,10.244h-75.3a46.057,46.057,0,0,1-3.013-10.244,72.1,72.1,0,0,1-.681-12.211m41.15-35.7c-3.532,22.541-15.029,45.346-25.5,58.151m25.5-58.151c3.532,22.541,15.029,45.346,25.507,58.151\" transform=\"translate(-184.373 -200.681)\" fill=\"none\" stroke=\"#446851\" stroke-linecap=\"round\" stroke-linejoin=\"round\" stroke-miterlimit=\"22.926\" stroke-width=\"2\" fill-rule=\"evenodd\"\/>\n<\/svg>\n\t\t\t<\/div>\n\t\t\t<span class=\"qodef-m-title\" >\n\t\t\t\t\t<span class=\"qodef-m-title-text\">5 glampings<\/span>\n\t\t\t<\/span>\n\t\t\t<\/div>\n<\/div>\n\t\t\t\t<\/div>\n\t\t\t\t<\/div>\n\t\t\t\t\t<\/div>\n\t\t<\/div>\n\t\t\t\t\t<\/div>\n\t\t<\/section>\n\t\t\t\t\t<\/div>\n\t\t<\/div>\n\t\t\t\t<div class=\"elementor-column elementor-col-20 elementor-top-column elementor-element elementor-element-3985349 elementor-hidden-tablet elementor-hidden-mobile\" data-id=\"3985349\" data-element_type=\"column\" data-e-type=\"column\">\n\t\t\t<div class=\"elementor-widget-wrap\">\n\t\t\t\t\t\t\t<\/div>\n\t\t<\/div>\n\t\t\t\t\t<\/div>\n\t\t<\/section>\n\t\t\t\t<section class=\"elementor-section elementor-top-section elementor-element elementor-element-0a0218a elementor-section-full_width qodef-elementor-content-grid elementor-section-height-default elementor-section-height-default\" data-id=\"0a0218a\" data-element_type=\"section\" data-e-type=\"section\">\n\t\t\t\t\t\t<div class=\"elementor-container elementor-column-gap-default\">\n\t\t\t\t\t<div class=\"elementor-column elementor-col-100 elementor-top-column elementor-element elementor-element-edaab2d\" data-id=\"edaab2d\" data-element_type=\"column\" data-e-type=\"column\">\n\t\t\t<div class=\"elementor-widget-wrap elementor-element-populated\">\n\t\t\t\t\t\t<div class=\"elementor-element elementor-element-346385f elementor-widget elementor-widget-kamperen_core_separator\" data-id=\"346385f\" data-element_type=\"widget\" data-e-type=\"widget\" data-widget_type=\"kamperen_core_separator.default\">\n\t\t\t\t<div class=\"elementor-widget-container\">\n\t\t\t\t\t<div class=\"qodef-shortcode qodef-m  qodef-separator clear\">\n\t<div class=\"qodef-m-line\" style=\"border-color: #D4D4D2\"><\/div>\n<\/div>\n\t\t\t\t<\/div>\n\t\t\t\t<\/div>\n\t\t\t\t<div class=\"elementor-element elementor-element-80da6bf elementor-widget elementor-widget-kamperen_core_section_title\" data-id=\"80da6bf\" data-element_type=\"widget\" data-e-type=\"widget\" data-widget_type=\"kamperen_core_section_title.default\">\n\t\t\t\t<div class=\"elementor-widget-container\">\n\t\t\t\t\t<div class=\"qodef-shortcode qodef-m  qodef-section-title qodef-alignment--center\">\n\t\t\t<h2 class=\"qodef-m-title\" >\n\t\t\t\t\tTuhinj Valley\t\t\t<\/h2>\n\t\t<p class=\"qodef-m-text\" >Stretching between Kamnik and the Celje Basin along the Nevljica River. Above the Tuhinj Valley lies the 1508-meter-high Menina Planina plateau, offering a peaceful and relaxing environment for all nature lovers. In the village of Vaseno, there is thermal water that anyone can freely draw throughout the year. Due to the thermal water, the Snovik Thermal Spa was later established nearby. The nearest town is Kamnik, which is 20 km from the campsite. In the nearby area is Velika Planina, and below it, Kamni\u0161ka Bistrica, which is also a popular spot among cyclists and hikers.\n<\/p>\n<\/div>\n\t\t\t\t<\/div>\n\t\t\t\t<\/div>\n\t\t\t\t<div class=\"elementor-element elementor-element-bc8fff7 elementor-widget elementor-widget-image\" data-id=\"bc8fff7\" data-element_type=\"widget\" data-e-type=\"widget\" data-widget_type=\"image.default\">\n\t\t\t\t<div class=\"elementor-widget-container\">\n\t\t\t\t\t\t\t\t\t\t\t\t\t\t\t<img fetchpriority=\"high\" decoding=\"async\" width=\"1100\" height=\"502\" src=\"https:\/\/www.golife-center.com\/wp-content\/uploads\/2023\/07\/DJI_0290-2.jpg\" class=\"attachment-full size-full wp-image-8737\" alt=\"\" srcset=\"https:\/\/www.golife-center.com\/wp-content\/uploads\/2023\/07\/DJI_0290-2.jpg 1100w, https:\/\/www.golife-center.com\/wp-content\/uploads\/2023\/07\/DJI_0290-2-300x137.jpg 300w, https:\/\/www.golife-center.com\/wp-content\/uploads\/2023\/07\/DJI_0290-2-1024x467.jpg 1024w, https:\/\/www.golife-center.com\/wp-content\/uploads\/2023\/07\/DJI_0290-2-768x350.jpg 768w, https:\/\/www.golife-center.com\/wp-content\/uploads\/2023\/07\/DJI_0290-2-18x8.jpg 18w\" sizes=\"(max-width: 1100px) 100vw, 1100px\" \/>\t\t\t\t\t\t\t\t\t\t\t\t\t\t\t<\/div>\n\t\t\t\t<\/div>\n\t\t\t\t<div class=\"elementor-element elementor-element-c57b75d elementor-widget elementor-widget-kamperen_core_separator\" data-id=\"c57b75d\" data-element_type=\"widget\" data-e-type=\"widget\" data-widget_type=\"kamperen_core_separator.default\">\n\t\t\t\t<div class=\"elementor-widget-container\">\n\t\t\t\t\t<div class=\"qodef-shortcode qodef-m  qodef-separator clear\">\n\t<div class=\"qodef-m-line\" style=\"border-color: #D4D4D2\"><\/div>\n<\/div>\n\t\t\t\t<\/div>\n\t\t\t\t<\/div>\n\t\t\t\t\t<\/div>\n\t\t<\/div>\n\t\t\t\t\t<\/div>\n\t\t<\/section>\n\t\t\t\t<section class=\"elementor-section elementor-top-section elementor-element elementor-element-7d30ebe elementor-section-full_width qodef-elementor-content-grid elementor-section-height-default elementor-section-height-default\" data-id=\"7d30ebe\" data-element_type=\"section\" data-e-type=\"section\">\n\t\t\t\t\t\t<div class=\"elementor-container elementor-column-gap-default\">\n\t\t\t\t\t<div class=\"elementor-column elementor-col-100 elementor-top-column elementor-element elementor-element-7d89502\" data-id=\"7d89502\" data-element_type=\"column\" data-e-type=\"column\">\n\t\t\t<div class=\"elementor-widget-wrap elementor-element-populated\">\n\t\t\t\t\t\t<div class=\"elementor-element elementor-element-9411bf2 elementor-widget elementor-widget-kamperen_core_clients_list\" data-id=\"9411bf2\" data-element_type=\"widget\" data-e-type=\"widget\" data-widget_type=\"kamperen_core_clients_list.default\">\n\t\t\t\t<div class=\"elementor-widget-container\">\n\t\t\t\t\t<div class=\"qodef-shortcode qodef-m  qodef-clients-list qodef-grid qodef-swiper-container  qodef-gutter--normal qodef-col-num--5 qodef-item-layout--image-only qodef-responsive--custom qodef-col-num--1440--5 qodef-col-num--1366--5 qodef-col-num--1024--3 qodef-col-num--768--2 qodef-col-num--680--1 qodef-col-num--480--1 qodef-hover-animation--fade-in\" data-options=\"{&quot;slidesPerView&quot;:&quot;5&quot;,&quot;spaceBetween&quot;:30,&quot;loop&quot;:true,&quot;autoplay&quot;:true,&quot;speed&quot;:&quot;&quot;,&quot;speedAnimation&quot;:&quot;&quot;,&quot;customStages&quot;:true,&quot;slidesPerView1440&quot;:&quot;5&quot;,&quot;slidesPerView1366&quot;:&quot;5&quot;,&quot;slidesPerView1024&quot;:&quot;3&quot;,&quot;slidesPerView768&quot;:&quot;2&quot;,&quot;slidesPerView680&quot;:&quot;1&quot;,&quot;slidesPerView480&quot;:&quot;1&quot;}\">\n\t<div class=\"swiper-wrapper\">\n\t\t<span class=\"qodef-e swiper-slide\">\n\t<span class=\"qodef-e-inner\">\n\t\t\t<span class=\"qodef-e-image\">\n\t\t\t\t\t\t\t\t\t<span class=\"qodef-e-logo\">\n\t\t\t\t\t<img decoding=\"async\" width=\"144\" height=\"107\" src=\"https:\/\/www.golife-center.com\/wp-content\/uploads\/2021\/06\/About-client-img-1.png\" class=\"attachment-full size-full\" alt=\"a\" \/>\t\t\t\t<\/span>\n\t\t\t\t\t\t\t\t\t\t<span class=\"qodef-e-hover-logo\">\n\t\t\t\t\t<img decoding=\"async\" width=\"144\" height=\"107\" src=\"https:\/\/www.golife-center.com\/wp-content\/uploads\/2021\/06\/About-client-img-1.png\" class=\"attachment-full size-full\" alt=\"a\" \/>\t\t\t\t<\/span>\n\t\t\t\t\t\t<\/span>\n\t<\/span>\n<\/span>\n<span class=\"qodef-e swiper-slide\">\n\t<span class=\"qodef-e-inner\">\n\t\t\t<span class=\"qodef-e-image\">\n\t\t\t\t\t\t\t\t\t<span class=\"qodef-e-logo\">\n\t\t\t\t\t<img decoding=\"async\" width=\"144\" height=\"107\" src=\"https:\/\/www.golife-center.com\/wp-content\/uploads\/2021\/06\/About-client-img-2.png\" class=\"attachment-full size-full\" alt=\"a\" \/>\t\t\t\t<\/span>\n\t\t\t\t\t\t\t\t\t\t<span class=\"qodef-e-hover-logo\">\n\t\t\t\t\t<img decoding=\"async\" width=\"144\" height=\"107\" src=\"https:\/\/www.golife-center.com\/wp-content\/uploads\/2021\/06\/About-client-img-2.png\" class=\"attachment-full size-full\" alt=\"a\" \/>\t\t\t\t<\/span>\n\t\t\t\t\t\t<\/span>\n\t<\/span>\n<\/span>\n<span class=\"qodef-e swiper-slide\">\n\t<span class=\"qodef-e-inner\">\n\t\t\t<span class=\"qodef-e-image\">\n\t\t\t\t\t\t\t\t\t<span class=\"qodef-e-logo\">\n\t\t\t\t\t<img loading=\"lazy\" decoding=\"async\" width=\"144\" height=\"107\" src=\"https:\/\/www.golife-center.com\/wp-content\/uploads\/2021\/06\/About-client-img-3.png\" class=\"attachment-full size-full\" alt=\"a\" \/>\t\t\t\t<\/span>\n\t\t\t\t\t\t\t\t\t\t<span class=\"qodef-e-hover-logo\">\n\t\t\t\t\t<img loading=\"lazy\" decoding=\"async\" width=\"144\" height=\"107\" src=\"https:\/\/www.golife-center.com\/wp-content\/uploads\/2021\/06\/About-client-img-3.png\" class=\"attachment-full size-full\" alt=\"a\" \/>\t\t\t\t<\/span>\n\t\t\t\t\t\t<\/span>\n\t<\/span>\n<\/span>\n<span class=\"qodef-e swiper-slide\">\n\t<span class=\"qodef-e-inner\">\n\t\t\t<span class=\"qodef-e-image\">\n\t\t\t\t\t\t\t\t\t<span class=\"qodef-e-logo\">\n\t\t\t\t\t<img loading=\"lazy\" decoding=\"async\" width=\"144\" height=\"107\" src=\"https:\/\/www.golife-center.com\/wp-content\/uploads\/2021\/06\/About-client-img-4.png\" class=\"attachment-full size-full\" alt=\"a\" \/>\t\t\t\t<\/span>\n\t\t\t\t\t\t\t\t\t\t<span class=\"qodef-e-hover-logo\">\n\t\t\t\t\t<img loading=\"lazy\" decoding=\"async\" width=\"144\" height=\"107\" src=\"https:\/\/www.golife-center.com\/wp-content\/uploads\/2021\/06\/About-client-img-4.png\" class=\"attachment-full size-full\" alt=\"a\" \/>\t\t\t\t<\/span>\n\t\t\t\t\t\t<\/span>\n\t<\/span>\n<\/span>\n<span class=\"qodef-e swiper-slide\">\n\t<span class=\"qodef-e-inner\">\n\t\t\t<span class=\"qodef-e-image\">\n\t\t\t\t\t\t\t\t\t<span class=\"qodef-e-logo\">\n\t\t\t\t\t<img decoding=\"async\" width=\"144\" height=\"107\" src=\"https:\/\/www.golife-center.com\/wp-content\/uploads\/2021\/06\/About-client-img-1.png\" class=\"attachment-full size-full\" alt=\"a\" \/>\t\t\t\t<\/span>\n\t\t\t\t\t\t\t\t\t\t<span class=\"qodef-e-hover-logo\">\n\t\t\t\t\t<img decoding=\"async\" width=\"144\" height=\"107\" src=\"https:\/\/www.golife-center.com\/wp-content\/uploads\/2021\/06\/About-client-img-1.png\" class=\"attachment-full size-full\" alt=\"a\" \/>\t\t\t\t<\/span>\n\t\t\t\t\t\t<\/span>\n\t<\/span>\n<\/span>\n\t<\/div>\n\t\t<\/div>\n\t\t\t\t<\/div>\n\t\t\t\t<\/div>\n\t\t\t\t\t<\/div>\n\t\t<\/div>\n\t\t\t\t\t<\/div>\n\t\t<\/section>\n\t\t\t\t<\/div>","protected":false},"excerpt":{"rendered":"<p>O nas Dobrodo\u0161li v GoLife Kamp Golice se nahaja v Tuhinjski dolini v osr\u010dju narave pod 1508mnm visoko Menino planino, katera ponuja veliko mo\u017enosti za aktivno pre\u017eivet dopust. 8 Prostorov za avtodom 8 \u0161otori\u0161\u010d 5 Glampingi Tuhinjska dolina se razteza med Kamnikom in Celjsko kotlino ob reki Nevljici. Nad Tuhinjsko dolino se razteza 1508m visoka [&hellip;]<\/p>\n","protected":false},"author":1,"featured_media":0,"parent":0,"menu_order":0,"comment_status":"closed","ping_status":"closed","template":"page-full-width.php","meta":{"footnotes":""},"class_list":["post-1530","page","type-page","status-publish","hentry"],"_links":{"self":[{"href":"https:\/\/www.golife-center.com\/en\/wp-json\/wp\/v2\/pages\/1530","targetHints":{"allow":["GET"]}}],"collection":[{"href":"https:\/\/www.golife-center.com\/en\/wp-json\/wp\/v2\/pages"}],"about":[{"href":"https:\/\/www.golife-center.com\/en\/wp-json\/wp\/v2\/types\/page"}],"author":[{"embeddable":true,"href":"https:\/\/www.golife-center.com\/en\/wp-json\/wp\/v2\/users\/1"}],"replies":[{"embeddable":true,"href":"https:\/\/www.golife-center.com\/en\/wp-json\/wp\/v2\/comments?post=1530"}],"version-history":[{"count":49,"href":"https:\/\/www.golife-center.com\/en\/wp-json\/wp\/v2\/pages\/1530\/revisions"}],"predecessor-version":[{"id":9002,"href":"https:\/\/www.golife-center.com\/en\/wp-json\/wp\/v2\/pages\/1530\/revisions\/9002"}],"wp:attachment":[{"href":"https:\/\/www.golife-center.com\/en\/wp-json\/wp\/v2\/media?parent=1530"}],"curies":[{"name":"wp","href":"https:\/\/api.w.org\/{rel}","templated":true}]}}