{"id":1852,"date":"2021-06-11T14:58:27","date_gmt":"2021-06-11T12:58:27","guid":{"rendered":"https:\/\/kamperen.qodeinteractive.com\/?page_id=1852"},"modified":"2024-05-29T10:13:14","modified_gmt":"2024-05-29T08:13:14","slug":"glamping-apartma-2","status":"publish","type":"page","link":"https:\/\/www.golife-center.com\/en\/glamping-apartma-2\/","title":{"rendered":"Glamping suite LUX"},"content":{"rendered":"<div data-elementor-type=\"wp-page\" data-elementor-id=\"1852\" class=\"elementor elementor-1852\">\n\t\t\t\t\t\t<section class=\"elementor-section elementor-top-section elementor-element elementor-element-28097bf elementor-section-boxed elementor-section-height-default elementor-section-height-default qodef-elementor-content-no\" data-id=\"28097bf\" data-element_type=\"section\" data-e-type=\"section\" data-settings=\"{&quot;background_background&quot;:&quot;classic&quot;}\">\n\t\t\t\t\t\t<div class=\"elementor-container elementor-column-gap-default\">\n\t\t\t\t\t<div class=\"elementor-column elementor-col-100 elementor-top-column elementor-element elementor-element-78de449\" data-id=\"78de449\" data-element_type=\"column\" data-e-type=\"column\">\n\t\t\t<div class=\"elementor-widget-wrap elementor-element-populated\">\n\t\t\t\t\t\t<div class=\"elementor-element elementor-element-5b6aa639 elementor-widget__width-initial elementor-widget elementor-widget-kamperen_core_section_title\" data-id=\"5b6aa639\" data-element_type=\"widget\" data-e-type=\"widget\" data-widget_type=\"kamperen_core_section_title.default\">\n\t\t\t\t<div class=\"elementor-widget-container\">\n\t\t\t\t\t<div class=\"qodef-shortcode qodef-m  qodef-section-title qodef-alignment--center\">\n\t\t<div class=\"qodef-m-tagline-mark\" >\n\t\tGoLife\t<\/div>\n\t\t<h2 class=\"qodef-m-title\" style=\"color: #000000\">\n\t\t\t\t\tGLAMPING SUITE LUX\t\t\t<\/h2>\n\t\t<p class=\"qodef-m-text\" >The glamping apartment is our luxury unit and is available for both couples and families. It features a bedroom with a sunset view, a living room with a sofa bed that can be used as an additional bed (+2). The bathroom, kitchen, and large terrace offer you a feeling of home.<\/p>\n<\/div>\n\t\t\t\t<\/div>\n\t\t\t\t<\/div>\n\t\t\t\t<div class=\"elementor-element elementor-element-2d78cff elementor-widget elementor-widget-qi_addons_for_elementor_image_slider\" data-id=\"2d78cff\" data-element_type=\"widget\" data-e-type=\"widget\" data-widget_type=\"qi_addons_for_elementor_image_slider.default\">\n\t\t\t\t<div class=\"elementor-widget-container\">\n\t\t\t\t\t<div class=\"qodef-shortcode qodef-m qodef-qi-image-slider qodef-col-num--3 qodef-qi-grid qodef-qi-swiper-container qodef-navigation--inside qodef-navigation--hover-move\" data-options=\"{&quot;direction&quot;:&quot;horizontal&quot;,&quot;slidesPerView&quot;:&quot;3&quot;,&quot;spaceBetween&quot;:15,&quot;spaceBetweenTablet&quot;:30,&quot;spaceBetweenMobile&quot;:30,&quot;effect&quot;:&quot;&quot;,&quot;loop&quot;:true,&quot;autoplay&quot;:true,&quot;centeredSlides&quot;:false,&quot;speed&quot;:&quot;&quot;,&quot;speedAnimation&quot;:&quot;&quot;,&quot;outsideNavigation&quot;:&quot;no&quot;,&quot;outsidePagination&quot;:&quot;no&quot;,&quot;unique&quot;:535,&quot;partialValue&quot;:0,&quot;disablePartialValue&quot;:&quot;&quot;,&quot;parallax&quot;:&quot;no&quot;}\">\n\t<div class=\"swiper-wrapper\">\n\t\t<div class=\"qodef-e swiper-slide\">\n\t<div class=\"qodef-e-inner\">\n\t\t<div class=\"qodef-e-inner-holder\">\n\t\t\t\t\t\t\t<img fetchpriority=\"high\" decoding=\"async\" width=\"2000\" height=\"1500\" src=\"https:\/\/www.golife-center.com\/wp-content\/uploads\/2023\/07\/glamping-apartma4.webp\" class=\"attachment-full size-full\" alt=\"\" srcset=\"https:\/\/www.golife-center.com\/wp-content\/uploads\/2023\/07\/glamping-apartma4.webp 2000w, https:\/\/www.golife-center.com\/wp-content\/uploads\/2023\/07\/glamping-apartma4-300x225.webp 300w, https:\/\/www.golife-center.com\/wp-content\/uploads\/2023\/07\/glamping-apartma4-1024x768.webp 1024w, https:\/\/www.golife-center.com\/wp-content\/uploads\/2023\/07\/glamping-apartma4-768x576.webp 768w, https:\/\/www.golife-center.com\/wp-content\/uploads\/2023\/07\/glamping-apartma4-1536x1152.webp 1536w, https:\/\/www.golife-center.com\/wp-content\/uploads\/2023\/07\/glamping-apartma4-16x12.webp 16w, https:\/\/www.golife-center.com\/wp-content\/uploads\/2023\/07\/glamping-apartma4-600x450.webp 600w\" sizes=\"(max-width: 2000px) 100vw, 2000px\" \/>\t\t\t\t\t<\/div>\n\t<\/div>\n\t<\/div>\n<div class=\"qodef-e swiper-slide\">\n\t<div class=\"qodef-e-inner\">\n\t\t<div class=\"qodef-e-inner-holder\">\n\t\t\t\t\t\t\t<img decoding=\"async\" width=\"2000\" height=\"1500\" src=\"https:\/\/www.golife-center.com\/wp-content\/uploads\/2023\/07\/glamping-apartma3.webp\" class=\"attachment-full size-full\" alt=\"\" srcset=\"https:\/\/www.golife-center.com\/wp-content\/uploads\/2023\/07\/glamping-apartma3.webp 2000w, https:\/\/www.golife-center.com\/wp-content\/uploads\/2023\/07\/glamping-apartma3-300x225.webp 300w, https:\/\/www.golife-center.com\/wp-content\/uploads\/2023\/07\/glamping-apartma3-1024x768.webp 1024w, https:\/\/www.golife-center.com\/wp-content\/uploads\/2023\/07\/glamping-apartma3-768x576.webp 768w, https:\/\/www.golife-center.com\/wp-content\/uploads\/2023\/07\/glamping-apartma3-1536x1152.webp 1536w, https:\/\/www.golife-center.com\/wp-content\/uploads\/2023\/07\/glamping-apartma3-16x12.webp 16w, https:\/\/www.golife-center.com\/wp-content\/uploads\/2023\/07\/glamping-apartma3-600x450.webp 600w\" sizes=\"(max-width: 2000px) 100vw, 2000px\" \/>\t\t\t\t\t<\/div>\n\t<\/div>\n\t<\/div>\n<div class=\"qodef-e swiper-slide\">\n\t<div class=\"qodef-e-inner\">\n\t\t<div class=\"qodef-e-inner-holder\">\n\t\t\t\t\t\t\t<img decoding=\"async\" width=\"2000\" height=\"1500\" src=\"https:\/\/www.golife-center.com\/wp-content\/uploads\/2023\/07\/glamping-apartma2.webp\" class=\"attachment-full size-full\" alt=\"\" srcset=\"https:\/\/www.golife-center.com\/wp-content\/uploads\/2023\/07\/glamping-apartma2.webp 2000w, https:\/\/www.golife-center.com\/wp-content\/uploads\/2023\/07\/glamping-apartma2-300x225.webp 300w, https:\/\/www.golife-center.com\/wp-content\/uploads\/2023\/07\/glamping-apartma2-1024x768.webp 1024w, https:\/\/www.golife-center.com\/wp-content\/uploads\/2023\/07\/glamping-apartma2-768x576.webp 768w, https:\/\/www.golife-center.com\/wp-content\/uploads\/2023\/07\/glamping-apartma2-1536x1152.webp 1536w, https:\/\/www.golife-center.com\/wp-content\/uploads\/2023\/07\/glamping-apartma2-16x12.webp 16w, https:\/\/www.golife-center.com\/wp-content\/uploads\/2023\/07\/glamping-apartma2-600x450.webp 600w\" sizes=\"(max-width: 2000px) 100vw, 2000px\" \/>\t\t\t\t\t<\/div>\n\t<\/div>\n\t<\/div>\n<div class=\"qodef-e swiper-slide\">\n\t<div class=\"qodef-e-inner\">\n\t\t<div class=\"qodef-e-inner-holder\">\n\t\t\t\t\t\t\t<img loading=\"lazy\" decoding=\"async\" width=\"2000\" height=\"1500\" src=\"https:\/\/www.golife-center.com\/wp-content\/uploads\/2023\/07\/glamping-apartma-1.webp\" class=\"attachment-full size-full\" alt=\"\" srcset=\"https:\/\/www.golife-center.com\/wp-content\/uploads\/2023\/07\/glamping-apartma-1.webp 2000w, https:\/\/www.golife-center.com\/wp-content\/uploads\/2023\/07\/glamping-apartma-1-300x225.webp 300w, https:\/\/www.golife-center.com\/wp-content\/uploads\/2023\/07\/glamping-apartma-1-1024x768.webp 1024w, https:\/\/www.golife-center.com\/wp-content\/uploads\/2023\/07\/glamping-apartma-1-768x576.webp 768w, https:\/\/www.golife-center.com\/wp-content\/uploads\/2023\/07\/glamping-apartma-1-1536x1152.webp 1536w, https:\/\/www.golife-center.com\/wp-content\/uploads\/2023\/07\/glamping-apartma-1-16x12.webp 16w, https:\/\/www.golife-center.com\/wp-content\/uploads\/2023\/07\/glamping-apartma-1-600x450.webp 600w\" sizes=\"(max-width: 2000px) 100vw, 2000px\" \/>\t\t\t\t\t<\/div>\n\t<\/div>\n\t<\/div>\n<div class=\"qodef-e swiper-slide\">\n\t<div class=\"qodef-e-inner\">\n\t\t<div class=\"qodef-e-inner-holder\">\n\t\t\t\t\t\t\t<img loading=\"lazy\" decoding=\"async\" width=\"2000\" height=\"1500\" src=\"https:\/\/www.golife-center.com\/wp-content\/uploads\/2023\/07\/glamping-apartma5.webp\" class=\"attachment-full size-full\" alt=\"\" srcset=\"https:\/\/www.golife-center.com\/wp-content\/uploads\/2023\/07\/glamping-apartma5.webp 2000w, https:\/\/www.golife-center.com\/wp-content\/uploads\/2023\/07\/glamping-apartma5-300x225.webp 300w, https:\/\/www.golife-center.com\/wp-content\/uploads\/2023\/07\/glamping-apartma5-1024x768.webp 1024w, https:\/\/www.golife-center.com\/wp-content\/uploads\/2023\/07\/glamping-apartma5-768x576.webp 768w, https:\/\/www.golife-center.com\/wp-content\/uploads\/2023\/07\/glamping-apartma5-1536x1152.webp 1536w, https:\/\/www.golife-center.com\/wp-content\/uploads\/2023\/07\/glamping-apartma5-16x12.webp 16w, https:\/\/www.golife-center.com\/wp-content\/uploads\/2023\/07\/glamping-apartma5-600x450.webp 600w\" sizes=\"(max-width: 2000px) 100vw, 2000px\" \/>\t\t\t\t\t<\/div>\n\t<\/div>\n\t<\/div>\n<div class=\"qodef-e swiper-slide\">\n\t<div class=\"qodef-e-inner\">\n\t\t<div class=\"qodef-e-inner-holder\">\n\t\t\t\t\t\t\t<img loading=\"lazy\" decoding=\"async\" width=\"1512\" height=\"1006\" src=\"https:\/\/www.golife-center.com\/wp-content\/uploads\/2023\/07\/Apartma-spalnica.jpg\" class=\"attachment-full size-full\" alt=\"\" srcset=\"https:\/\/www.golife-center.com\/wp-content\/uploads\/2023\/07\/Apartma-spalnica.jpg 1512w, https:\/\/www.golife-center.com\/wp-content\/uploads\/2023\/07\/Apartma-spalnica-300x200.jpg 300w, https:\/\/www.golife-center.com\/wp-content\/uploads\/2023\/07\/Apartma-spalnica-1024x681.jpg 1024w, https:\/\/www.golife-center.com\/wp-content\/uploads\/2023\/07\/Apartma-spalnica-768x511.jpg 768w, https:\/\/www.golife-center.com\/wp-content\/uploads\/2023\/07\/Apartma-spalnica-18x12.jpg 18w\" sizes=\"(max-width: 1512px) 100vw, 1512px\" \/>\t\t\t\t\t<\/div>\n\t<\/div>\n\t<\/div>\n\t<\/div>\n\t\t<div class=\"swiper-button-prev\"><svg class=\"qodef-swiper-arrow-left\" xmlns=\"http:\/\/www.w3.org\/2000\/svg\" x=\"0px\" y=\"0px\" viewbox=\"0 0 34.2 32.3\" xml:space=\"preserve\" style=\"stroke-width: 2;\"><line x1=\"0.5\" y1=\"16\" x2=\"33.5\" y2=\"16\"\/><line x1=\"0.3\" y1=\"16.5\" x2=\"16.2\" y2=\"0.7\"\/><line x1=\"0\" y1=\"15.4\" x2=\"16.2\" y2=\"31.6\"\/><\/svg><\/div>\n\t<div class=\"swiper-button-next\"><svg class=\"qodef-swiper-arrow-right\" xmlns=\"http:\/\/www.w3.org\/2000\/svg\" x=\"0px\" y=\"0px\" viewbox=\"0 0 34.2 32.3\" xml:space=\"preserve\" style=\"stroke-width: 2;\"><line x1=\"0\" y1=\"16\" x2=\"33\" y2=\"16\"\/><line x1=\"17.3\" y1=\"0.7\" x2=\"33.2\" y2=\"16.5\"\/><line x1=\"17.3\" y1=\"31.6\" x2=\"33.5\" y2=\"15.4\"\/><\/svg><\/div>\n<\/div>\n\t\t\t\t<\/div>\n\t\t\t\t<\/div>\n\t\t\t\t\t<\/div>\n\t\t<\/div>\n\t\t\t\t\t<\/div>\n\t\t<\/section>\n\t\t\t\t<section class=\"elementor-section elementor-top-section elementor-element elementor-element-e280687 elementor-section-boxed elementor-section-height-default elementor-section-height-default qodef-elementor-content-no\" data-id=\"e280687\" data-element_type=\"section\" data-e-type=\"section\">\n\t\t\t\t\t\t<div class=\"elementor-container elementor-column-gap-default\">\n\t\t\t\t\t<div class=\"elementor-column elementor-col-66 elementor-top-column elementor-element elementor-element-7c70829\" data-id=\"7c70829\" data-element_type=\"column\" data-e-type=\"column\">\n\t\t\t<div class=\"elementor-widget-wrap elementor-element-populated\">\n\t\t\t\t\t\t<div class=\"elementor-element elementor-element-768e242 elementor-widget elementor-widget-kamperen_core_section_title\" data-id=\"768e242\" data-element_type=\"widget\" data-e-type=\"widget\" data-widget_type=\"kamperen_core_section_title.default\">\n\t\t\t\t<div class=\"elementor-widget-container\">\n\t\t\t\t\t<div class=\"qodef-shortcode qodef-m  qodef-section-title qodef-alignment--left\">\n\t\t\t<h2 class=\"qodef-m-title\" style=\"color: #000000\">\n\t\t\t\t\tIncluded\t\t\t<\/h2>\n\t<\/div>\n\t\t\t\t<\/div>\n\t\t\t\t<\/div>\n\t\t\t\t<div class=\"elementor-element elementor-element-a2fada3 elementor-widget elementor-widget-text-editor\" data-id=\"a2fada3\" data-element_type=\"widget\" data-e-type=\"widget\" data-widget_type=\"text-editor.default\">\n\t\t\t\t<div class=\"elementor-widget-container\">\n\t\t\t\t\t\t\t\t\t<p><strong>\u2013 Kitchen<\/strong> (Dishwasher, fridge, stove, sink, utensils for cooking, cutlery).<\/p><p><strong>\u2013 Bathroom<\/strong> (towels, shower gel)<\/p><p><strong>\u2013 Living room<\/strong> (klima hlajenje\/gretje, kav\u010d\/dodatna postelja)<\/p><p><strong>\u2013 Bedroom<\/strong> (bedding, bed 200x200cm with a view)<\/p><p><strong>\u2013 Terrace<\/strong><\/p>\t\t\t\t\t\t\t\t<\/div>\n\t\t\t\t<\/div>\n\t\t\t\t<div class=\"elementor-element elementor-element-f5954d4 elementor-widget elementor-widget-kamperen_core_section_title\" data-id=\"f5954d4\" data-element_type=\"widget\" data-e-type=\"widget\" data-widget_type=\"kamperen_core_section_title.default\">\n\t\t\t\t<div class=\"elementor-widget-container\">\n\t\t\t\t\t<div class=\"qodef-shortcode qodef-m  qodef-section-title qodef-alignment--left\">\n\t\t\t<h2 class=\"qodef-m-title\" style=\"color: #000000\">\n\t\t\t\t\tAvailability\t\t\t<\/h2>\n\t<\/div>\n\t\t\t\t<\/div>\n\t\t\t\t<\/div>\n\t\t\t\t<div class=\"elementor-element elementor-element-24bcc6d elementor-widget elementor-widget-html\" data-id=\"24bcc6d\" data-element_type=\"widget\" data-e-type=\"widget\" data-no-translation=\"\" data-widget_type=\"html.default\">\n\t\t\t\t<div class=\"elementor-widget-container\">\n\t\t\t\t\t<style>.elementor-element-24bcc6d{display:none !important}<\/style>\t\t\t\t<\/div>\n\t\t\t\t<\/div>\n\t\t\t\t<div class=\"elementor-element elementor-element-105570f elementor-widget elementor-widget-html\" data-id=\"105570f\" data-element_type=\"widget\" data-e-type=\"widget\" data-no-translation=\"\" data-widget_type=\"html.default\">\n\t\t\t\t<div class=\"elementor-widget-container\">\n\t\t\t\t\t<script src=\"\/\/www.bentral.com\/service\/embed\/calendar.js?uid=5f544d334d415f4f&last=true&key=93aa91340dcdd98d9db7fe2561633f83\"><\/script>\t\t\t\t<\/div>\n\t\t\t\t<\/div>\n\t\t\t\t\t<\/div>\n\t\t<\/div>\n\t\t\t\t<div class=\"elementor-column elementor-col-33 elementor-top-column elementor-element elementor-element-f40930c\" data-id=\"f40930c\" data-element_type=\"column\" data-e-type=\"column\">\n\t\t\t<div class=\"elementor-widget-wrap elementor-element-populated\">\n\t\t\t\t\t\t<div class=\"elementor-element elementor-element-2122517 elementor-widget elementor-widget-kamperen_core_section_title\" data-id=\"2122517\" data-element_type=\"widget\" data-e-type=\"widget\" data-widget_type=\"kamperen_core_section_title.default\">\n\t\t\t\t<div class=\"elementor-widget-container\">\n\t\t\t\t\t<div class=\"qodef-shortcode qodef-m  qodef-section-title qodef-alignment--left\">\n\t\t\t<h2 class=\"qodef-m-title\" style=\"color: #000000\">\n\t\t\t\t\tReservation\t\t\t<\/h2>\n\t<\/div>\n\t\t\t\t<\/div>\n\t\t\t\t<\/div>\n\t\t\t\t<div class=\"elementor-element elementor-element-3248bce elementor-widget elementor-widget-html\" data-id=\"3248bce\" data-element_type=\"widget\" data-e-type=\"widget\" data-no-translation=\"\" data-widget_type=\"html.default\">\n\t\t\t\t<div class=\"elementor-widget-container\">\n\t\t\t\t\t<style>.elementor-element-3248bce{display:none !important}<\/style>\t\t\t\t<\/div>\n\t\t\t\t<\/div>\n\t\t\t\t<div class=\"elementor-element elementor-element-13e2c74 elementor-widget elementor-widget-html\" data-id=\"13e2c74\" data-element_type=\"widget\" data-e-type=\"widget\" data-no-translation=\"\" data-widget_type=\"html.default\">\n\t\t\t\t<div class=\"elementor-widget-container\">\n\t\t\t\t\t<script src=\"\/\/www.bentral.com\/service\/embed\/booking.js?id=5f7a63354f415f4d&key=93aa91340dcdd98d9db7fe2561633f83\"><\/script>\t\t\t\t<\/div>\n\t\t\t\t<\/div>\n\t\t\t\t\t<\/div>\n\t\t<\/div>\n\t\t\t\t\t<\/div>\n\t\t<\/section>\n\t\t\t\t<\/div>","protected":false},"excerpt":{"rendered":"<p>GoLife GLAMPING APARTMA Glamping apartma je na\u0161a luksuzna enota in je na voljo parom kot tudi dru\u017einam. Spalnica z razgledom na son\u010dni zahod, dnevni prostor, kjer je tudi raztegljiv kav\u010d, ki pa se ga lahko uporabi kot dodatno le\u017ei\u0161\u010de (+2). Kopalnica, kuhinja ter velika terasa, pa vam ponujajo ob\u010dutek doma. Oprema &#8211; Kuhinja (pomivalni stroj, [&hellip;]<\/p>\n","protected":false},"author":1,"featured_media":0,"parent":0,"menu_order":0,"comment_status":"closed","ping_status":"closed","template":"page-full-width.php","meta":{"footnotes":""},"class_list":["post-1852","page","type-page","status-publish","hentry"],"_links":{"self":[{"href":"https:\/\/www.golife-center.com\/en\/wp-json\/wp\/v2\/pages\/1852","targetHints":{"allow":["GET"]}}],"collection":[{"href":"https:\/\/www.golife-center.com\/en\/wp-json\/wp\/v2\/pages"}],"about":[{"href":"https:\/\/www.golife-center.com\/en\/wp-json\/wp\/v2\/types\/page"}],"author":[{"embeddable":true,"href":"https:\/\/www.golife-center.com\/en\/wp-json\/wp\/v2\/users\/1"}],"replies":[{"embeddable":true,"href":"https:\/\/www.golife-center.com\/en\/wp-json\/wp\/v2\/comments?post=1852"}],"version-history":[{"count":147,"href":"https:\/\/www.golife-center.com\/en\/wp-json\/wp\/v2\/pages\/1852\/revisions"}],"predecessor-version":[{"id":8984,"href":"https:\/\/www.golife-center.com\/en\/wp-json\/wp\/v2\/pages\/1852\/revisions\/8984"}],"wp:attachment":[{"href":"https:\/\/www.golife-center.com\/en\/wp-json\/wp\/v2\/media?parent=1852"}],"curies":[{"name":"wp","href":"https:\/\/api.w.org\/{rel}","templated":true}]}}