{"id":8428,"date":"2023-07-13T20:00:15","date_gmt":"2023-07-13T18:00:15","guid":{"rendered":"https:\/\/www.golife-center.com\/?page_id=8428"},"modified":"2024-04-24T07:45:25","modified_gmt":"2024-04-24T05:45:25","slug":"sotorisce","status":"publish","type":"page","link":"https:\/\/www.golife-center.com\/en\/sotorisce\/","title":{"rendered":"Tent"},"content":{"rendered":"<div data-elementor-type=\"wp-page\" data-elementor-id=\"8428\" class=\"elementor elementor-8428\">\n\t\t\t\t\t\t<section class=\"elementor-section elementor-top-section elementor-element elementor-element-28097bf elementor-section-boxed elementor-section-height-default elementor-section-height-default qodef-elementor-content-no\" data-id=\"28097bf\" data-element_type=\"section\" data-e-type=\"section\" data-settings=\"{&quot;background_background&quot;:&quot;classic&quot;}\">\n\t\t\t\t\t\t<div class=\"elementor-container elementor-column-gap-default\">\n\t\t\t\t\t<div class=\"elementor-column elementor-col-100 elementor-top-column elementor-element elementor-element-78de449\" data-id=\"78de449\" data-element_type=\"column\" data-e-type=\"column\">\n\t\t\t<div class=\"elementor-widget-wrap elementor-element-populated\">\n\t\t\t\t\t\t<div class=\"elementor-element elementor-element-5b6aa639 elementor-widget__width-initial elementor-widget elementor-widget-kamperen_core_section_title\" data-id=\"5b6aa639\" data-element_type=\"widget\" data-e-type=\"widget\" data-widget_type=\"kamperen_core_section_title.default\">\n\t\t\t\t<div class=\"elementor-widget-container\">\n\t\t\t\t\t<div class=\"qodef-shortcode qodef-m  qodef-section-title qodef-alignment--center\">\n\t\t<div class=\"qodef-m-tagline-mark\" >\n\t\tGoLife\t<\/div>\n\t\t<h2 class=\"qodef-m-title\" >\n\t\t\t\t\tTENT\t\t\t<\/h2>\n\t\t<p class=\"qodef-m-text\" >Welcome to all who will spend their vacation sleeping in tents. The peaceful surroundings and beautiful view are ideal for relaxation. The grassy area is perfect for those who want to get acquainted with camping as well as for those who do it regularly. The campsite includes shared facilities for dishwashing, a toilet, a shower, the possibility of electricity hookups, and a large fire pit. The campsite is located at the foot of Menina Planina, which is a starting point for hiking and cycling activities.<\/p>\n<\/div>\n\t\t\t\t<\/div>\n\t\t\t\t<\/div>\n\t\t\t\t<div class=\"elementor-element elementor-element-2d78cff elementor-widget elementor-widget-qi_addons_for_elementor_image_slider\" data-id=\"2d78cff\" data-element_type=\"widget\" data-e-type=\"widget\" data-widget_type=\"qi_addons_for_elementor_image_slider.default\">\n\t\t\t\t<div class=\"elementor-widget-container\">\n\t\t\t\t\t<div class=\"qodef-shortcode qodef-m qodef-qi-image-slider qodef-col-num--3 qodef-qi-grid qodef-qi-swiper-container qodef-navigation--inside qodef-navigation--hover-move\" data-options=\"{&quot;direction&quot;:&quot;horizontal&quot;,&quot;slidesPerView&quot;:&quot;3&quot;,&quot;spaceBetween&quot;:15,&quot;spaceBetweenTablet&quot;:30,&quot;spaceBetweenMobile&quot;:30,&quot;effect&quot;:&quot;&quot;,&quot;loop&quot;:true,&quot;autoplay&quot;:true,&quot;centeredSlides&quot;:false,&quot;speed&quot;:&quot;&quot;,&quot;speedAnimation&quot;:&quot;&quot;,&quot;outsideNavigation&quot;:&quot;no&quot;,&quot;outsidePagination&quot;:&quot;no&quot;,&quot;unique&quot;:729,&quot;partialValue&quot;:0,&quot;disablePartialValue&quot;:&quot;&quot;,&quot;parallax&quot;:&quot;no&quot;}\">\n\t<div class=\"swiper-wrapper\">\n\t\t<div class=\"qodef-e swiper-slide\">\n\t<div class=\"qodef-e-inner\">\n\t\t<div class=\"qodef-e-inner-holder\">\n\t\t\t\t\t\t\t<img fetchpriority=\"high\" decoding=\"async\" width=\"1200\" height=\"900\" src=\"https:\/\/www.golife-center.com\/wp-content\/uploads\/2024\/04\/PXL_20240422_163105214.jpg\" class=\"attachment-full size-full\" alt=\"\" srcset=\"https:\/\/www.golife-center.com\/wp-content\/uploads\/2024\/04\/PXL_20240422_163105214.jpg 1200w, https:\/\/www.golife-center.com\/wp-content\/uploads\/2024\/04\/PXL_20240422_163105214-300x225.jpg 300w, https:\/\/www.golife-center.com\/wp-content\/uploads\/2024\/04\/PXL_20240422_163105214-1024x768.jpg 1024w, https:\/\/www.golife-center.com\/wp-content\/uploads\/2024\/04\/PXL_20240422_163105214-768x576.jpg 768w, https:\/\/www.golife-center.com\/wp-content\/uploads\/2024\/04\/PXL_20240422_163105214-16x12.jpg 16w\" sizes=\"(max-width: 1200px) 100vw, 1200px\" \/>\t\t\t\t\t<\/div>\n\t<\/div>\n\t<\/div>\n<div class=\"qodef-e swiper-slide\">\n\t<div class=\"qodef-e-inner\">\n\t\t<div class=\"qodef-e-inner-holder\">\n\t\t\t\t\t\t\t<img decoding=\"async\" width=\"1200\" height=\"900\" src=\"https:\/\/www.golife-center.com\/wp-content\/uploads\/2024\/04\/PXL_20240422_163140837.jpg\" class=\"attachment-full size-full\" alt=\"\" srcset=\"https:\/\/www.golife-center.com\/wp-content\/uploads\/2024\/04\/PXL_20240422_163140837.jpg 1200w, https:\/\/www.golife-center.com\/wp-content\/uploads\/2024\/04\/PXL_20240422_163140837-300x225.jpg 300w, https:\/\/www.golife-center.com\/wp-content\/uploads\/2024\/04\/PXL_20240422_163140837-1024x768.jpg 1024w, https:\/\/www.golife-center.com\/wp-content\/uploads\/2024\/04\/PXL_20240422_163140837-768x576.jpg 768w, https:\/\/www.golife-center.com\/wp-content\/uploads\/2024\/04\/PXL_20240422_163140837-16x12.jpg 16w\" sizes=\"(max-width: 1200px) 100vw, 1200px\" \/>\t\t\t\t\t<\/div>\n\t<\/div>\n\t<\/div>\n<div class=\"qodef-e swiper-slide\">\n\t<div class=\"qodef-e-inner\">\n\t\t<div class=\"qodef-e-inner-holder\">\n\t\t\t\t\t\t\t<img decoding=\"async\" width=\"1200\" height=\"1600\" src=\"https:\/\/www.golife-center.com\/wp-content\/uploads\/2024\/04\/PXL_20240422_163301215.jpg\" class=\"attachment-full size-full\" alt=\"\" srcset=\"https:\/\/www.golife-center.com\/wp-content\/uploads\/2024\/04\/PXL_20240422_163301215.jpg 1200w, https:\/\/www.golife-center.com\/wp-content\/uploads\/2024\/04\/PXL_20240422_163301215-225x300.jpg 225w, https:\/\/www.golife-center.com\/wp-content\/uploads\/2024\/04\/PXL_20240422_163301215-768x1024.jpg 768w, https:\/\/www.golife-center.com\/wp-content\/uploads\/2024\/04\/PXL_20240422_163301215-1152x1536.jpg 1152w, https:\/\/www.golife-center.com\/wp-content\/uploads\/2024\/04\/PXL_20240422_163301215-9x12.jpg 9w\" sizes=\"(max-width: 1200px) 100vw, 1200px\" \/>\t\t\t\t\t<\/div>\n\t<\/div>\n\t<\/div>\n<div class=\"qodef-e swiper-slide\">\n\t<div class=\"qodef-e-inner\">\n\t\t<div class=\"qodef-e-inner-holder\">\n\t\t\t\t\t\t\t<img loading=\"lazy\" decoding=\"async\" width=\"1200\" height=\"1600\" src=\"https:\/\/www.golife-center.com\/wp-content\/uploads\/2024\/04\/PXL_20240422_163405952.jpg\" class=\"attachment-full size-full\" alt=\"\" srcset=\"https:\/\/www.golife-center.com\/wp-content\/uploads\/2024\/04\/PXL_20240422_163405952.jpg 1200w, https:\/\/www.golife-center.com\/wp-content\/uploads\/2024\/04\/PXL_20240422_163405952-225x300.jpg 225w, https:\/\/www.golife-center.com\/wp-content\/uploads\/2024\/04\/PXL_20240422_163405952-768x1024.jpg 768w, https:\/\/www.golife-center.com\/wp-content\/uploads\/2024\/04\/PXL_20240422_163405952-1152x1536.jpg 1152w, https:\/\/www.golife-center.com\/wp-content\/uploads\/2024\/04\/PXL_20240422_163405952-9x12.jpg 9w\" sizes=\"(max-width: 1200px) 100vw, 1200px\" \/>\t\t\t\t\t<\/div>\n\t<\/div>\n\t<\/div>\n\t<\/div>\n\t\t<div class=\"swiper-button-prev\"><svg class=\"qodef-swiper-arrow-left\" xmlns=\"http:\/\/www.w3.org\/2000\/svg\" x=\"0px\" y=\"0px\" viewbox=\"0 0 34.2 32.3\" xml:space=\"preserve\" style=\"stroke-width: 2;\"><line x1=\"0.5\" y1=\"16\" x2=\"33.5\" y2=\"16\"\/><line x1=\"0.3\" y1=\"16.5\" x2=\"16.2\" y2=\"0.7\"\/><line x1=\"0\" y1=\"15.4\" x2=\"16.2\" y2=\"31.6\"\/><\/svg><\/div>\n\t<div class=\"swiper-button-next\"><svg class=\"qodef-swiper-arrow-right\" xmlns=\"http:\/\/www.w3.org\/2000\/svg\" x=\"0px\" y=\"0px\" viewbox=\"0 0 34.2 32.3\" xml:space=\"preserve\" style=\"stroke-width: 2;\"><line x1=\"0\" y1=\"16\" x2=\"33\" y2=\"16\"\/><line x1=\"17.3\" y1=\"0.7\" x2=\"33.2\" y2=\"16.5\"\/><line x1=\"17.3\" y1=\"31.6\" x2=\"33.5\" y2=\"15.4\"\/><\/svg><\/div>\n<\/div>\n\t\t\t\t<\/div>\n\t\t\t\t<\/div>\n\t\t\t\t\t<\/div>\n\t\t<\/div>\n\t\t\t\t\t<\/div>\n\t\t<\/section>\n\t\t\t\t<section class=\"elementor-section elementor-top-section elementor-element elementor-element-e280687 elementor-section-boxed elementor-section-height-default elementor-section-height-default qodef-elementor-content-no\" data-id=\"e280687\" data-element_type=\"section\" data-e-type=\"section\">\n\t\t\t\t\t\t<div class=\"elementor-container elementor-column-gap-default\">\n\t\t\t\t\t<div class=\"elementor-column elementor-col-66 elementor-top-column elementor-element elementor-element-7c70829\" data-id=\"7c70829\" data-element_type=\"column\" data-e-type=\"column\">\n\t\t\t<div class=\"elementor-widget-wrap elementor-element-populated\">\n\t\t\t\t\t\t<div class=\"elementor-element elementor-element-768e242 elementor-widget elementor-widget-kamperen_core_section_title\" data-id=\"768e242\" data-element_type=\"widget\" data-e-type=\"widget\" data-widget_type=\"kamperen_core_section_title.default\">\n\t\t\t\t<div class=\"elementor-widget-container\">\n\t\t\t\t\t<div class=\"qodef-shortcode qodef-m  qodef-section-title qodef-alignment--left\">\n\t\t\t<h2 class=\"qodef-m-title\" >\n\t\t\t\t\tIncluded\t\t\t<\/h2>\n\t<\/div>\n\t\t\t\t<\/div>\n\t\t\t\t<\/div>\n\t\t\t\t<div class=\"elementor-element elementor-element-a2fada3 elementor-widget elementor-widget-text-editor\" data-id=\"a2fada3\" data-element_type=\"widget\" data-e-type=\"widget\" data-widget_type=\"text-editor.default\">\n\t\t\t\t<div class=\"elementor-widget-container\">\n\t\t\t\t\t\t\t\t\t<ul><li><strong>Shared bathroom<\/strong>\u00a0<\/li><li><strong>WC<\/strong><\/li><li><strong>Community area<\/strong>\u00a0(Dishwashing area)<\/li><li><strong>Fireplace<\/strong><\/li><li><strong>Electricity<\/strong><\/li><li><strong>Beautiful view<\/strong><div class=\"elementor-element elementor-element-a2fada3 elementor-widget elementor-widget-text-editor\" data-id=\"a2fada3\" data-element_type=\"widget\" data-widget_type=\"text-editor.default\"><div class=\"elementor-widget-container\">\u00a0<\/div><\/div><div class=\"elementor-element elementor-element-f5954d4 elementor-widget elementor-widget-kamperen_core_section_title\" data-id=\"f5954d4\" data-element_type=\"widget\" data-widget_type=\"kamperen_core_section_title.default\"><div class=\"elementor-widget-container\"><div class=\"qodef-shortcode qodef-m qodef-section-title qodef-alignment--left qodef--appeared\"><div class=\"elementor-element elementor-element-a2fada3 elementor-widget elementor-widget-text-editor\" data-id=\"a2fada3\" data-element_type=\"widget\" data-widget_type=\"text-editor.default\"><div class=\"elementor-widget-container\">\u00a0<\/div><\/div><div class=\"elementor-element elementor-element-f5954d4 elementor-widget elementor-widget-kamperen_core_section_title\" data-id=\"f5954d4\" data-element_type=\"widget\" data-widget_type=\"kamperen_core_section_title.default\">\u00a0<\/div><\/div><\/div><\/div><\/li><\/ul>\t\t\t\t\t\t\t\t<\/div>\n\t\t\t\t<\/div>\n\t\t\t\t<div class=\"elementor-element elementor-element-f5954d4 elementor-widget elementor-widget-kamperen_core_section_title\" data-id=\"f5954d4\" data-element_type=\"widget\" data-e-type=\"widget\" data-widget_type=\"kamperen_core_section_title.default\">\n\t\t\t\t<div class=\"elementor-widget-container\">\n\t\t\t\t\t<div class=\"qodef-shortcode qodef-m  qodef-section-title qodef-alignment--left\">\n\t\t\t<h2 class=\"qodef-m-title\" >\n\t\t\t\t\tAvailability\t\t\t<\/h2>\n\t<\/div>\n\t\t\t\t<\/div>\n\t\t\t\t<\/div>\n\t\t\t\t<div class=\"elementor-element elementor-element-24bcc6d elementor-widget elementor-widget-html\" data-id=\"24bcc6d\" data-element_type=\"widget\" data-e-type=\"widget\" data-no-translation=\"\" data-widget_type=\"html.default\">\n\t\t\t\t<div class=\"elementor-widget-container\">\n\t\t\t\t\t<style>.elementor-element-24bcc6d{display:none !important}<\/style>\t\t\t\t<\/div>\n\t\t\t\t<\/div>\n\t\t\t\t<div class=\"elementor-element elementor-element-e9f8798 elementor-widget elementor-widget-html\" data-id=\"e9f8798\" data-element_type=\"widget\" data-e-type=\"widget\" data-no-translation=\"\" data-widget_type=\"html.default\">\n\t\t\t\t<div class=\"elementor-widget-container\">\n\t\t\t\t\t<script src=\"\/\/www.bentral.com\/service\/embed\/calendar.js?uid=5f544d334e415f4f&last=true&key=93aa91340dcdd98d9db7fe2561633f83\"><\/script>\t\t\t\t<\/div>\n\t\t\t\t<\/div>\n\t\t\t\t\t<\/div>\n\t\t<\/div>\n\t\t\t\t<div class=\"elementor-column elementor-col-33 elementor-top-column elementor-element elementor-element-f40930c\" data-id=\"f40930c\" data-element_type=\"column\" data-e-type=\"column\">\n\t\t\t<div class=\"elementor-widget-wrap elementor-element-populated\">\n\t\t\t\t\t\t<div class=\"elementor-element elementor-element-2122517 elementor-widget elementor-widget-kamperen_core_section_title\" data-id=\"2122517\" data-element_type=\"widget\" data-e-type=\"widget\" data-widget_type=\"kamperen_core_section_title.default\">\n\t\t\t\t<div class=\"elementor-widget-container\">\n\t\t\t\t\t<div class=\"qodef-shortcode qodef-m  qodef-section-title qodef-alignment--left\">\n\t\t\t<h2 class=\"qodef-m-title\" >\n\t\t\t\t\tReservation\t\t\t<\/h2>\n\t<\/div>\n\t\t\t\t<\/div>\n\t\t\t\t<\/div>\n\t\t\t\t<div class=\"elementor-element elementor-element-3248bce elementor-widget elementor-widget-html\" data-id=\"3248bce\" data-element_type=\"widget\" data-e-type=\"widget\" data-no-translation=\"\" data-widget_type=\"html.default\">\n\t\t\t\t<div class=\"elementor-widget-container\">\n\t\t\t\t\t<style>.elementor-element-3248bce{display:none !important}<\/style>\t\t\t\t<\/div>\n\t\t\t\t<\/div>\n\t\t\t\t<div class=\"elementor-element elementor-element-3c786c4 elementor-widget elementor-widget-html\" data-id=\"3c786c4\" data-element_type=\"widget\" data-e-type=\"widget\" data-no-translation=\"\" data-widget_type=\"html.default\">\n\t\t\t\t<div class=\"elementor-widget-container\">\n\t\t\t\t\t<script src=\"\/\/www.bentral.com\/service\/embed\/booking.js?id=5f7a63354f415f4d&key=93aa91340dcdd98d9db7fe2561633f83\"><\/script>\t\t\t\t<\/div>\n\t\t\t\t<\/div>\n\t\t\t\t\t<\/div>\n\t\t<\/div>\n\t\t\t\t\t<\/div>\n\t\t<\/section>\n\t\t\t\t<\/div>","protected":false},"excerpt":{"rendered":"<p>GoLife \u0160OTORI\u0160\u010cE Dobrodo\u0161li vsi, ki boste svoj dopust prespali v \u0161otorih. Mirna okolica in \u010dudovit razgled je idealen za oddih. Travnata povr\u0161ina je kot nala\u0161\u010d za vse, ki bi se radi spoznali s kampiranjem kot tudi za tiste, ki to redno po\u010dnete. V sklopu kampa je mo\u017ena uporaba skupnih prostorov za pomivanje posode, WC, tu\u0161, [&hellip;]<\/p>\n","protected":false},"author":1,"featured_media":0,"parent":0,"menu_order":0,"comment_status":"closed","ping_status":"closed","template":"page-full-width.php","meta":{"footnotes":""},"class_list":["post-8428","page","type-page","status-publish","hentry"],"_links":{"self":[{"href":"https:\/\/www.golife-center.com\/en\/wp-json\/wp\/v2\/pages\/8428","targetHints":{"allow":["GET"]}}],"collection":[{"href":"https:\/\/www.golife-center.com\/en\/wp-json\/wp\/v2\/pages"}],"about":[{"href":"https:\/\/www.golife-center.com\/en\/wp-json\/wp\/v2\/types\/page"}],"author":[{"embeddable":true,"href":"https:\/\/www.golife-center.com\/en\/wp-json\/wp\/v2\/users\/1"}],"replies":[{"embeddable":true,"href":"https:\/\/www.golife-center.com\/en\/wp-json\/wp\/v2\/comments?post=8428"}],"version-history":[{"count":31,"href":"https:\/\/www.golife-center.com\/en\/wp-json\/wp\/v2\/pages\/8428\/revisions"}],"predecessor-version":[{"id":8886,"href":"https:\/\/www.golife-center.com\/en\/wp-json\/wp\/v2\/pages\/8428\/revisions\/8886"}],"wp:attachment":[{"href":"https:\/\/www.golife-center.com\/en\/wp-json\/wp\/v2\/media?parent=8428"}],"curies":[{"name":"wp","href":"https:\/\/api.w.org\/{rel}","templated":true}]}}