{"id":8430,"date":"2023-07-13T20:00:40","date_gmt":"2023-07-13T18:00:40","guid":{"rendered":"https:\/\/www.golife-center.com\/?page_id=8430"},"modified":"2024-05-06T12:36:29","modified_gmt":"2024-05-06T10:36:29","slug":"avtodom","status":"publish","type":"page","link":"https:\/\/www.golife-center.com\/en\/avtodom\/","title":{"rendered":"Campervan"},"content":{"rendered":"<div data-elementor-type=\"wp-page\" data-elementor-id=\"8430\" class=\"elementor elementor-8430\">\n\t\t\t\t\t\t<section class=\"elementor-section elementor-top-section elementor-element elementor-element-28097bf elementor-section-boxed elementor-section-height-default elementor-section-height-default qodef-elementor-content-no\" data-id=\"28097bf\" data-element_type=\"section\" data-e-type=\"section\" data-settings=\"{&quot;background_background&quot;:&quot;classic&quot;}\">\n\t\t\t\t\t\t<div class=\"elementor-container elementor-column-gap-default\">\n\t\t\t\t\t<div class=\"elementor-column elementor-col-100 elementor-top-column elementor-element elementor-element-78de449\" data-id=\"78de449\" data-element_type=\"column\" data-e-type=\"column\">\n\t\t\t<div class=\"elementor-widget-wrap elementor-element-populated\">\n\t\t\t\t\t\t<div class=\"elementor-element elementor-element-5b6aa639 elementor-widget__width-initial elementor-widget elementor-widget-kamperen_core_section_title\" data-id=\"5b6aa639\" data-element_type=\"widget\" data-e-type=\"widget\" data-widget_type=\"kamperen_core_section_title.default\">\n\t\t\t\t<div class=\"elementor-widget-container\">\n\t\t\t\t\t<div class=\"qodef-shortcode qodef-m  qodef-section-title qodef-alignment--center\">\n\t\t<div class=\"qodef-m-tagline-mark\" >\n\t\tGoLife\t<\/div>\n\t\t<h2 class=\"qodef-m-title\" >\n\t\t\t\t\tCAMPERVAN\t\t\t<\/h2>\n\t\t<p class=\"qodef-m-text\" >Welcome to all who travel with motorhomes. We currently offer 8 large spots on the upper terrace, which offer beautiful views. The campsite includes shared facilities for dishwashing, a toilet, a shower, the possibility of electricity hookups, and a large fire pit. The campsite is located at the foot of Menina Planina, which is a starting point for hiking and cycling activities.<\/p>\n<\/div>\n\t\t\t\t<\/div>\n\t\t\t\t<\/div>\n\t\t\t\t<div class=\"elementor-element elementor-element-2d78cff elementor-widget elementor-widget-qi_addons_for_elementor_image_slider\" data-id=\"2d78cff\" data-element_type=\"widget\" data-e-type=\"widget\" data-widget_type=\"qi_addons_for_elementor_image_slider.default\">\n\t\t\t\t<div class=\"elementor-widget-container\">\n\t\t\t\t\t<div class=\"qodef-shortcode qodef-m qodef-qi-image-slider qodef-col-num--3 qodef-qi-grid qodef-qi-swiper-container qodef-navigation--inside qodef-navigation--hover-move\" data-options=\"{&quot;direction&quot;:&quot;horizontal&quot;,&quot;slidesPerView&quot;:&quot;3&quot;,&quot;spaceBetween&quot;:15,&quot;spaceBetweenTablet&quot;:30,&quot;spaceBetweenMobile&quot;:30,&quot;effect&quot;:&quot;&quot;,&quot;loop&quot;:true,&quot;autoplay&quot;:true,&quot;centeredSlides&quot;:false,&quot;speed&quot;:&quot;&quot;,&quot;speedAnimation&quot;:&quot;&quot;,&quot;outsideNavigation&quot;:&quot;no&quot;,&quot;outsidePagination&quot;:&quot;no&quot;,&quot;unique&quot;:136,&quot;partialValue&quot;:0,&quot;disablePartialValue&quot;:&quot;&quot;,&quot;parallax&quot;:&quot;no&quot;}\">\n\t<div class=\"swiper-wrapper\">\n\t\t<div class=\"qodef-e swiper-slide\">\n\t<div class=\"qodef-e-inner\">\n\t\t<div class=\"qodef-e-inner-holder\">\n\t\t\t\t\t\t\t<img fetchpriority=\"high\" decoding=\"async\" width=\"2560\" height=\"1703\" src=\"https:\/\/www.golife-center.com\/wp-content\/uploads\/2023\/07\/164-scaled.webp\" class=\"attachment-full size-full\" alt=\"\" srcset=\"https:\/\/www.golife-center.com\/wp-content\/uploads\/2023\/07\/164-scaled.webp 2560w, https:\/\/www.golife-center.com\/wp-content\/uploads\/2023\/07\/164-300x200.webp 300w, https:\/\/www.golife-center.com\/wp-content\/uploads\/2023\/07\/164-1024x681.webp 1024w, https:\/\/www.golife-center.com\/wp-content\/uploads\/2023\/07\/164-768x511.webp 768w, https:\/\/www.golife-center.com\/wp-content\/uploads\/2023\/07\/164-1536x1022.webp 1536w, https:\/\/www.golife-center.com\/wp-content\/uploads\/2023\/07\/164-2048x1363.webp 2048w, https:\/\/www.golife-center.com\/wp-content\/uploads\/2023\/07\/164-18x12.webp 18w, https:\/\/www.golife-center.com\/wp-content\/uploads\/2023\/07\/164-600x399.webp 600w\" sizes=\"(max-width: 2560px) 100vw, 2560px\" \/>\t\t\t\t\t<\/div>\n\t<\/div>\n\t<\/div>\n<div class=\"qodef-e swiper-slide\">\n\t<div class=\"qodef-e-inner\">\n\t\t<div class=\"qodef-e-inner-holder\">\n\t\t\t\t\t\t\t<img decoding=\"async\" width=\"2560\" height=\"1703\" src=\"https:\/\/www.golife-center.com\/wp-content\/uploads\/2023\/07\/174-scaled.webp\" class=\"attachment-full size-full\" alt=\"\" srcset=\"https:\/\/www.golife-center.com\/wp-content\/uploads\/2023\/07\/174-scaled.webp 2560w, https:\/\/www.golife-center.com\/wp-content\/uploads\/2023\/07\/174-300x200.webp 300w, https:\/\/www.golife-center.com\/wp-content\/uploads\/2023\/07\/174-1024x681.webp 1024w, https:\/\/www.golife-center.com\/wp-content\/uploads\/2023\/07\/174-768x511.webp 768w, https:\/\/www.golife-center.com\/wp-content\/uploads\/2023\/07\/174-1536x1022.webp 1536w, https:\/\/www.golife-center.com\/wp-content\/uploads\/2023\/07\/174-2048x1363.webp 2048w, https:\/\/www.golife-center.com\/wp-content\/uploads\/2023\/07\/174-18x12.webp 18w, https:\/\/www.golife-center.com\/wp-content\/uploads\/2023\/07\/174-600x399.webp 600w\" sizes=\"(max-width: 2560px) 100vw, 2560px\" \/>\t\t\t\t\t<\/div>\n\t<\/div>\n\t<\/div>\n<div class=\"qodef-e swiper-slide\">\n\t<div class=\"qodef-e-inner\">\n\t\t<div class=\"qodef-e-inner-holder\">\n\t\t\t\t\t\t\t<img decoding=\"async\" width=\"2560\" height=\"1706\" src=\"https:\/\/www.golife-center.com\/wp-content\/uploads\/2023\/07\/194-scaled.webp\" class=\"attachment-full size-full\" alt=\"\" srcset=\"https:\/\/www.golife-center.com\/wp-content\/uploads\/2023\/07\/194-scaled.webp 2560w, https:\/\/www.golife-center.com\/wp-content\/uploads\/2023\/07\/194-300x200.webp 300w, https:\/\/www.golife-center.com\/wp-content\/uploads\/2023\/07\/194-1024x682.webp 1024w, https:\/\/www.golife-center.com\/wp-content\/uploads\/2023\/07\/194-768x512.webp 768w, https:\/\/www.golife-center.com\/wp-content\/uploads\/2023\/07\/194-1536x1023.webp 1536w, https:\/\/www.golife-center.com\/wp-content\/uploads\/2023\/07\/194-2048x1365.webp 2048w, https:\/\/www.golife-center.com\/wp-content\/uploads\/2023\/07\/194-18x12.webp 18w, https:\/\/www.golife-center.com\/wp-content\/uploads\/2023\/07\/194-600x400.webp 600w\" sizes=\"(max-width: 2560px) 100vw, 2560px\" \/>\t\t\t\t\t<\/div>\n\t<\/div>\n\t<\/div>\n\t<\/div>\n\t\t<div class=\"swiper-button-prev\"><svg class=\"qodef-swiper-arrow-left\" xmlns=\"http:\/\/www.w3.org\/2000\/svg\" x=\"0px\" y=\"0px\" viewbox=\"0 0 34.2 32.3\" xml:space=\"preserve\" style=\"stroke-width: 2;\"><line x1=\"0.5\" y1=\"16\" x2=\"33.5\" y2=\"16\"\/><line x1=\"0.3\" y1=\"16.5\" x2=\"16.2\" y2=\"0.7\"\/><line x1=\"0\" y1=\"15.4\" x2=\"16.2\" y2=\"31.6\"\/><\/svg><\/div>\n\t<div class=\"swiper-button-next\"><svg class=\"qodef-swiper-arrow-right\" xmlns=\"http:\/\/www.w3.org\/2000\/svg\" x=\"0px\" y=\"0px\" viewbox=\"0 0 34.2 32.3\" xml:space=\"preserve\" style=\"stroke-width: 2;\"><line x1=\"0\" y1=\"16\" x2=\"33\" y2=\"16\"\/><line x1=\"17.3\" y1=\"0.7\" x2=\"33.2\" y2=\"16.5\"\/><line x1=\"17.3\" y1=\"31.6\" x2=\"33.5\" y2=\"15.4\"\/><\/svg><\/div>\n<\/div>\n\t\t\t\t<\/div>\n\t\t\t\t<\/div>\n\t\t\t\t\t<\/div>\n\t\t<\/div>\n\t\t\t\t\t<\/div>\n\t\t<\/section>\n\t\t\t\t<section class=\"elementor-section elementor-top-section elementor-element elementor-element-e280687 elementor-section-boxed elementor-section-height-default elementor-section-height-default qodef-elementor-content-no\" data-id=\"e280687\" data-element_type=\"section\" data-e-type=\"section\">\n\t\t\t\t\t\t<div class=\"elementor-container elementor-column-gap-default\">\n\t\t\t\t\t<div class=\"elementor-column elementor-col-66 elementor-top-column elementor-element elementor-element-7c70829\" data-id=\"7c70829\" data-element_type=\"column\" data-e-type=\"column\">\n\t\t\t<div class=\"elementor-widget-wrap elementor-element-populated\">\n\t\t\t\t\t\t<div class=\"elementor-element elementor-element-768e242 elementor-widget elementor-widget-kamperen_core_section_title\" data-id=\"768e242\" data-element_type=\"widget\" data-e-type=\"widget\" data-widget_type=\"kamperen_core_section_title.default\">\n\t\t\t\t<div class=\"elementor-widget-container\">\n\t\t\t\t\t<div class=\"qodef-shortcode qodef-m  qodef-section-title qodef-alignment--left\">\n\t\t\t<h2 class=\"qodef-m-title\" >\n\t\t\t\t\tIncluded\t\t\t<\/h2>\n\t<\/div>\n\t\t\t\t<\/div>\n\t\t\t\t<\/div>\n\t\t\t\t<div class=\"elementor-element elementor-element-a2fada3 elementor-widget elementor-widget-text-editor\" data-id=\"a2fada3\" data-element_type=\"widget\" data-e-type=\"widget\" data-widget_type=\"text-editor.default\">\n\t\t\t\t<div class=\"elementor-widget-container\">\n\t\t\t\t\t\t\t\t\t<ul><li><strong>Shared bathroom<\/strong>\u00a0<\/li><li><strong>WC<\/strong><\/li><li><strong>Community area<\/strong> (Dishwashing area)<\/li><li><strong>Fireplace<\/strong><\/li><li><strong>Electricity <\/strong>(0,50\u20ac\/kWh)<\/li><li><strong>Beautiful view<\/strong><\/li><\/ul>\t\t\t\t\t\t\t\t<\/div>\n\t\t\t\t<\/div>\n\t\t\t\t<div class=\"elementor-element elementor-element-f5954d4 elementor-widget elementor-widget-kamperen_core_section_title\" data-id=\"f5954d4\" data-element_type=\"widget\" data-e-type=\"widget\" data-widget_type=\"kamperen_core_section_title.default\">\n\t\t\t\t<div class=\"elementor-widget-container\">\n\t\t\t\t\t<div class=\"qodef-shortcode qodef-m  qodef-section-title qodef-alignment--left\">\n\t\t\t<h2 class=\"qodef-m-title\" >\n\t\t\t\t\tAvailability\t\t\t<\/h2>\n\t<\/div>\n\t\t\t\t<\/div>\n\t\t\t\t<\/div>\n\t\t\t\t<div class=\"elementor-element elementor-element-e62c8bd elementor-widget elementor-widget-html\" data-id=\"e62c8bd\" data-element_type=\"widget\" data-e-type=\"widget\" data-no-translation=\"\" data-widget_type=\"html.default\">\n\t\t\t\t<div class=\"elementor-widget-container\">\n\t\t\t\t\t<style>.elementor-element-e62c8bd{display:none !important}<\/style>\t\t\t\t<\/div>\n\t\t\t\t<\/div>\n\t\t\t\t<div class=\"elementor-element elementor-element-24bcc6d elementor-widget elementor-widget-html\" data-id=\"24bcc6d\" data-element_type=\"widget\" data-e-type=\"widget\" data-no-translation=\"\" data-widget_type=\"html.default\">\n\t\t\t\t<div class=\"elementor-widget-container\">\n\t\t\t\t\t<script src=\"\/\/www.bentral.com\/service\/embed\/calendar.js?uid=5f544d334d675f4f&last=true&key=93aa91340dcdd98d9db7fe2561633f83\"><\/script>\t\t\t\t<\/div>\n\t\t\t\t<\/div>\n\t\t\t\t\t<\/div>\n\t\t<\/div>\n\t\t\t\t<div class=\"elementor-column elementor-col-33 elementor-top-column elementor-element elementor-element-f40930c\" data-id=\"f40930c\" data-element_type=\"column\" data-e-type=\"column\">\n\t\t\t<div class=\"elementor-widget-wrap elementor-element-populated\">\n\t\t\t\t\t\t<div class=\"elementor-element elementor-element-2122517 elementor-widget elementor-widget-kamperen_core_section_title\" data-id=\"2122517\" data-element_type=\"widget\" data-e-type=\"widget\" data-widget_type=\"kamperen_core_section_title.default\">\n\t\t\t\t<div class=\"elementor-widget-container\">\n\t\t\t\t\t<div class=\"qodef-shortcode qodef-m  qodef-section-title qodef-alignment--left\">\n\t\t\t<h2 class=\"qodef-m-title\" >\n\t\t\t\t\tReservation\t\t\t<\/h2>\n\t<\/div>\n\t\t\t\t<\/div>\n\t\t\t\t<\/div>\n\t\t\t\t<div class=\"elementor-element elementor-element-3248bce elementor-widget elementor-widget-html\" data-id=\"3248bce\" data-element_type=\"widget\" data-e-type=\"widget\" data-no-translation=\"\" data-widget_type=\"html.default\">\n\t\t\t\t<div class=\"elementor-widget-container\">\n\t\t\t\t\t<style>.elementor-element-3248bce{display:none !important}<\/style>\t\t\t\t<\/div>\n\t\t\t\t<\/div>\n\t\t\t\t<div class=\"elementor-element elementor-element-f9b18a2 elementor-widget elementor-widget-html\" data-id=\"f9b18a2\" data-element_type=\"widget\" data-e-type=\"widget\" data-no-translation=\"\" data-widget_type=\"html.default\">\n\t\t\t\t<div class=\"elementor-widget-container\">\n\t\t\t\t\t<script src=\"\/\/www.bentral.com\/service\/embed\/booking.js?id=5f7a63354f415f4d&key=93aa91340dcdd98d9db7fe2561633f83\"><\/script>\t\t\t\t<\/div>\n\t\t\t\t<\/div>\n\t\t\t\t\t<\/div>\n\t\t<\/div>\n\t\t\t\t\t<\/div>\n\t\t<\/section>\n\t\t\t\t<\/div>","protected":false},"excerpt":{"rendered":"<p>GoLife AVTODOM Dobrodo\u0161li vsi, ki potujete z avtodomi. Trenutno nudimo 8 velikih parcel na zgornji terasi, ki ponujajo \u010dudovite razglede. V sklopu kampa je mo\u017ena uporaba skupnih prostorov za pomivanje posode, WC, tu\u0161, mo\u017enost priklopa na elektriko ter veliko kuri\u0161\u010de. Kamp se nahaja ob vzno\u017eju Menine planine, ki je izhodi\u0161\u010de za pohodni\u0161ke in kolesarske aktivnosti. [&hellip;]<\/p>\n","protected":false},"author":1,"featured_media":0,"parent":0,"menu_order":0,"comment_status":"closed","ping_status":"closed","template":"page-full-width.php","meta":{"footnotes":""},"class_list":["post-8430","page","type-page","status-publish","hentry"],"_links":{"self":[{"href":"https:\/\/www.golife-center.com\/en\/wp-json\/wp\/v2\/pages\/8430","targetHints":{"allow":["GET"]}}],"collection":[{"href":"https:\/\/www.golife-center.com\/en\/wp-json\/wp\/v2\/pages"}],"about":[{"href":"https:\/\/www.golife-center.com\/en\/wp-json\/wp\/v2\/types\/page"}],"author":[{"embeddable":true,"href":"https:\/\/www.golife-center.com\/en\/wp-json\/wp\/v2\/users\/1"}],"replies":[{"embeddable":true,"href":"https:\/\/www.golife-center.com\/en\/wp-json\/wp\/v2\/comments?post=8430"}],"version-history":[{"count":28,"href":"https:\/\/www.golife-center.com\/en\/wp-json\/wp\/v2\/pages\/8430\/revisions"}],"predecessor-version":[{"id":8975,"href":"https:\/\/www.golife-center.com\/en\/wp-json\/wp\/v2\/pages\/8430\/revisions\/8975"}],"wp:attachment":[{"href":"https:\/\/www.golife-center.com\/en\/wp-json\/wp\/v2\/media?parent=8430"}],"curies":[{"name":"wp","href":"https:\/\/api.w.org\/{rel}","templated":true}]}}