{"id":8977,"date":"2024-05-20T12:59:49","date_gmt":"2024-05-20T10:59:49","guid":{"rendered":"https:\/\/www.golife-center.com\/?page_id=8977"},"modified":"2024-06-27T16:40:19","modified_gmt":"2024-06-27T14:40:19","slug":"vila-miniatura","status":"publish","type":"page","link":"https:\/\/www.golife-center.com\/en\/vila-miniatura\/","title":{"rendered":"Vila Miniatura"},"content":{"rendered":"<div data-elementor-type=\"wp-page\" data-elementor-id=\"8977\" class=\"elementor elementor-8977\">\n\t\t\t\t\t\t<section class=\"elementor-section elementor-top-section elementor-element elementor-element-28097bf elementor-section-boxed elementor-section-height-default elementor-section-height-default qodef-elementor-content-no\" data-id=\"28097bf\" data-element_type=\"section\" data-e-type=\"section\" data-settings=\"{&quot;background_background&quot;:&quot;classic&quot;}\">\n\t\t\t\t\t\t<div class=\"elementor-container elementor-column-gap-default\">\n\t\t\t\t\t<div class=\"elementor-column elementor-col-100 elementor-top-column elementor-element elementor-element-78de449\" data-id=\"78de449\" data-element_type=\"column\" data-e-type=\"column\">\n\t\t\t<div class=\"elementor-widget-wrap elementor-element-populated\">\n\t\t\t\t\t\t<div class=\"elementor-element elementor-element-5b6aa639 elementor-widget__width-initial elementor-widget elementor-widget-kamperen_core_section_title\" data-id=\"5b6aa639\" data-element_type=\"widget\" data-e-type=\"widget\" data-widget_type=\"kamperen_core_section_title.default\">\n\t\t\t\t<div class=\"elementor-widget-container\">\n\t\t\t\t\t<div class=\"qodef-shortcode qodef-m  qodef-section-title qodef-alignment--center\">\n\t\t<div class=\"qodef-m-tagline-mark\" >\n\t\tGoLife\t<\/div>\n\t\t<h2 class=\"qodef-m-title\" >\n\t\t\t\t\tVILA MINIATURA\t\t\t<\/h2>\n\t\t<p class=\"qodef-m-text\" >Vila Miniatura is a luxurious holiday home designed for a perfect seaside getaway. This beautiful villa is located just 30 meters from the sea, providing quick access to the beach and stunning ocean views. The central space is the kitchen and dining area, from which you can access the bedrooms. Each bedroom has its own bathroom and exit to the terrace. Vila Miniatura is the ideal choice for those seeking a luxurious and peaceful seaside retreat with all the comforts that a modern holiday home can offer. Come and enjoy unforgettable moments by the coast in this stunning villa.<\/p>\n<\/div>\n\t\t\t\t<\/div>\n\t\t\t\t<\/div>\n\t\t\t\t<div class=\"elementor-element elementor-element-2d78cff elementor-widget elementor-widget-qi_addons_for_elementor_image_slider\" data-id=\"2d78cff\" data-element_type=\"widget\" data-e-type=\"widget\" data-widget_type=\"qi_addons_for_elementor_image_slider.default\">\n\t\t\t\t<div class=\"elementor-widget-container\">\n\t\t\t\t\t<div class=\"qodef-shortcode qodef-m qodef-qi-image-slider qodef-col-num--3 qodef-qi-grid qodef-qi-swiper-container qodef-navigation--inside qodef-navigation--hover-move\" data-options=\"{&quot;direction&quot;:&quot;horizontal&quot;,&quot;slidesPerView&quot;:&quot;3&quot;,&quot;spaceBetween&quot;:15,&quot;spaceBetweenTablet&quot;:30,&quot;spaceBetweenMobile&quot;:30,&quot;effect&quot;:&quot;&quot;,&quot;loop&quot;:true,&quot;autoplay&quot;:true,&quot;centeredSlides&quot;:false,&quot;speed&quot;:&quot;&quot;,&quot;speedAnimation&quot;:&quot;&quot;,&quot;outsideNavigation&quot;:&quot;no&quot;,&quot;outsidePagination&quot;:&quot;no&quot;,&quot;unique&quot;:990,&quot;partialValue&quot;:0,&quot;disablePartialValue&quot;:&quot;&quot;,&quot;parallax&quot;:&quot;no&quot;}\">\n\t<div class=\"swiper-wrapper\">\n\t\t<div class=\"qodef-e swiper-slide\">\n\t<div class=\"qodef-e-inner\">\n\t\t<div class=\"qodef-e-inner-holder\">\n\t\t\t\t\t\t\t<img fetchpriority=\"high\" decoding=\"async\" width=\"480\" height=\"360\" src=\"https:\/\/www.golife-center.com\/wp-content\/uploads\/2024\/06\/IMG-0242c69bbc26206e21e55019d08b71cc-V.jpg\" class=\"attachment-full size-full\" alt=\"\" srcset=\"https:\/\/www.golife-center.com\/wp-content\/uploads\/2024\/06\/IMG-0242c69bbc26206e21e55019d08b71cc-V.jpg 480w, https:\/\/www.golife-center.com\/wp-content\/uploads\/2024\/06\/IMG-0242c69bbc26206e21e55019d08b71cc-V-300x225.jpg 300w, https:\/\/www.golife-center.com\/wp-content\/uploads\/2024\/06\/IMG-0242c69bbc26206e21e55019d08b71cc-V-16x12.jpg 16w\" sizes=\"(max-width: 480px) 100vw, 480px\" \/>\t\t\t\t\t<\/div>\n\t<\/div>\n\t<\/div>\n<div class=\"qodef-e swiper-slide\">\n\t<div class=\"qodef-e-inner\">\n\t\t<div class=\"qodef-e-inner-holder\">\n\t\t\t\t\t\t\t<img decoding=\"async\" width=\"480\" height=\"360\" src=\"https:\/\/www.golife-center.com\/wp-content\/uploads\/2024\/06\/IMG-eaedc577d94c5a6c33676e564bc82a1b-V.jpg\" class=\"attachment-full size-full\" alt=\"\" srcset=\"https:\/\/www.golife-center.com\/wp-content\/uploads\/2024\/06\/IMG-eaedc577d94c5a6c33676e564bc82a1b-V.jpg 480w, https:\/\/www.golife-center.com\/wp-content\/uploads\/2024\/06\/IMG-eaedc577d94c5a6c33676e564bc82a1b-V-300x225.jpg 300w, https:\/\/www.golife-center.com\/wp-content\/uploads\/2024\/06\/IMG-eaedc577d94c5a6c33676e564bc82a1b-V-16x12.jpg 16w\" sizes=\"(max-width: 480px) 100vw, 480px\" \/>\t\t\t\t\t<\/div>\n\t<\/div>\n\t<\/div>\n<div class=\"qodef-e swiper-slide\">\n\t<div class=\"qodef-e-inner\">\n\t\t<div class=\"qodef-e-inner-holder\">\n\t\t\t\t\t\t\t<img decoding=\"async\" width=\"480\" height=\"360\" src=\"https:\/\/www.golife-center.com\/wp-content\/uploads\/2024\/06\/IMG-0ccce4ecd27ceda3770e44ddf6fdb417-V.jpg\" class=\"attachment-full size-full\" alt=\"\" srcset=\"https:\/\/www.golife-center.com\/wp-content\/uploads\/2024\/06\/IMG-0ccce4ecd27ceda3770e44ddf6fdb417-V.jpg 480w, https:\/\/www.golife-center.com\/wp-content\/uploads\/2024\/06\/IMG-0ccce4ecd27ceda3770e44ddf6fdb417-V-300x225.jpg 300w, https:\/\/www.golife-center.com\/wp-content\/uploads\/2024\/06\/IMG-0ccce4ecd27ceda3770e44ddf6fdb417-V-16x12.jpg 16w\" sizes=\"(max-width: 480px) 100vw, 480px\" \/>\t\t\t\t\t<\/div>\n\t<\/div>\n\t<\/div>\n<div class=\"qodef-e swiper-slide\">\n\t<div class=\"qodef-e-inner\">\n\t\t<div class=\"qodef-e-inner-holder\">\n\t\t\t\t\t\t\t<img loading=\"lazy\" decoding=\"async\" width=\"480\" height=\"360\" src=\"https:\/\/www.golife-center.com\/wp-content\/uploads\/2024\/06\/IMG-c1bb89d51f65a2b4972f298e5ede61ad-V.jpg\" class=\"attachment-full size-full\" alt=\"\" srcset=\"https:\/\/www.golife-center.com\/wp-content\/uploads\/2024\/06\/IMG-c1bb89d51f65a2b4972f298e5ede61ad-V.jpg 480w, https:\/\/www.golife-center.com\/wp-content\/uploads\/2024\/06\/IMG-c1bb89d51f65a2b4972f298e5ede61ad-V-300x225.jpg 300w, https:\/\/www.golife-center.com\/wp-content\/uploads\/2024\/06\/IMG-c1bb89d51f65a2b4972f298e5ede61ad-V-16x12.jpg 16w\" sizes=\"(max-width: 480px) 100vw, 480px\" \/>\t\t\t\t\t<\/div>\n\t<\/div>\n\t<\/div>\n<div class=\"qodef-e swiper-slide\">\n\t<div class=\"qodef-e-inner\">\n\t\t<div class=\"qodef-e-inner-holder\">\n\t\t\t\t\t\t\t<img loading=\"lazy\" decoding=\"async\" width=\"1209\" height=\"907\" src=\"https:\/\/www.golife-center.com\/wp-content\/uploads\/2024\/06\/IMG_5834.jpg\" class=\"attachment-full size-full\" alt=\"\" srcset=\"https:\/\/www.golife-center.com\/wp-content\/uploads\/2024\/06\/IMG_5834.jpg 1209w, https:\/\/www.golife-center.com\/wp-content\/uploads\/2024\/06\/IMG_5834-300x225.jpg 300w, https:\/\/www.golife-center.com\/wp-content\/uploads\/2024\/06\/IMG_5834-1024x768.jpg 1024w, https:\/\/www.golife-center.com\/wp-content\/uploads\/2024\/06\/IMG_5834-768x576.jpg 768w, https:\/\/www.golife-center.com\/wp-content\/uploads\/2024\/06\/IMG_5834-16x12.jpg 16w\" sizes=\"(max-width: 1209px) 100vw, 1209px\" \/>\t\t\t\t\t<\/div>\n\t<\/div>\n\t<\/div>\n<div class=\"qodef-e swiper-slide\">\n\t<div class=\"qodef-e-inner\">\n\t\t<div class=\"qodef-e-inner-holder\">\n\t\t\t\t\t\t\t<img loading=\"lazy\" decoding=\"async\" width=\"1209\" height=\"907\" src=\"https:\/\/www.golife-center.com\/wp-content\/uploads\/2024\/06\/IMG_5891.jpg\" class=\"attachment-full size-full\" alt=\"\" srcset=\"https:\/\/www.golife-center.com\/wp-content\/uploads\/2024\/06\/IMG_5891.jpg 1209w, https:\/\/www.golife-center.com\/wp-content\/uploads\/2024\/06\/IMG_5891-300x225.jpg 300w, https:\/\/www.golife-center.com\/wp-content\/uploads\/2024\/06\/IMG_5891-1024x768.jpg 1024w, https:\/\/www.golife-center.com\/wp-content\/uploads\/2024\/06\/IMG_5891-768x576.jpg 768w, https:\/\/www.golife-center.com\/wp-content\/uploads\/2024\/06\/IMG_5891-16x12.jpg 16w\" sizes=\"(max-width: 1209px) 100vw, 1209px\" \/>\t\t\t\t\t<\/div>\n\t<\/div>\n\t<\/div>\n<div class=\"qodef-e swiper-slide\">\n\t<div class=\"qodef-e-inner\">\n\t\t<div class=\"qodef-e-inner-holder\">\n\t\t\t\t\t\t\t<img loading=\"lazy\" decoding=\"async\" width=\"1209\" height=\"907\" src=\"https:\/\/www.golife-center.com\/wp-content\/uploads\/2024\/06\/IMG_5836.jpg\" class=\"attachment-full size-full\" alt=\"\" srcset=\"https:\/\/www.golife-center.com\/wp-content\/uploads\/2024\/06\/IMG_5836.jpg 1209w, https:\/\/www.golife-center.com\/wp-content\/uploads\/2024\/06\/IMG_5836-300x225.jpg 300w, https:\/\/www.golife-center.com\/wp-content\/uploads\/2024\/06\/IMG_5836-1024x768.jpg 1024w, https:\/\/www.golife-center.com\/wp-content\/uploads\/2024\/06\/IMG_5836-768x576.jpg 768w, https:\/\/www.golife-center.com\/wp-content\/uploads\/2024\/06\/IMG_5836-16x12.jpg 16w\" sizes=\"(max-width: 1209px) 100vw, 1209px\" \/>\t\t\t\t\t<\/div>\n\t<\/div>\n\t<\/div>\n<div class=\"qodef-e swiper-slide\">\n\t<div class=\"qodef-e-inner\">\n\t\t<div class=\"qodef-e-inner-holder\">\n\t\t\t\t\t\t\t<img loading=\"lazy\" decoding=\"async\" width=\"1200\" height=\"900\" src=\"https:\/\/www.golife-center.com\/wp-content\/uploads\/2024\/06\/20230918_174945.jpg\" class=\"attachment-full size-full\" alt=\"\" srcset=\"https:\/\/www.golife-center.com\/wp-content\/uploads\/2024\/06\/20230918_174945.jpg 1200w, https:\/\/www.golife-center.com\/wp-content\/uploads\/2024\/06\/20230918_174945-300x225.jpg 300w, https:\/\/www.golife-center.com\/wp-content\/uploads\/2024\/06\/20230918_174945-1024x768.jpg 1024w, https:\/\/www.golife-center.com\/wp-content\/uploads\/2024\/06\/20230918_174945-768x576.jpg 768w, https:\/\/www.golife-center.com\/wp-content\/uploads\/2024\/06\/20230918_174945-16x12.jpg 16w\" sizes=\"(max-width: 1200px) 100vw, 1200px\" \/>\t\t\t\t\t<\/div>\n\t<\/div>\n\t<\/div>\n<div class=\"qodef-e swiper-slide\">\n\t<div class=\"qodef-e-inner\">\n\t\t<div class=\"qodef-e-inner-holder\">\n\t\t\t\t\t\t\t<img loading=\"lazy\" decoding=\"async\" width=\"1200\" height=\"900\" src=\"https:\/\/www.golife-center.com\/wp-content\/uploads\/2024\/06\/20230918_173341.jpg\" class=\"attachment-full size-full\" alt=\"\" srcset=\"https:\/\/www.golife-center.com\/wp-content\/uploads\/2024\/06\/20230918_173341.jpg 1200w, https:\/\/www.golife-center.com\/wp-content\/uploads\/2024\/06\/20230918_173341-300x225.jpg 300w, https:\/\/www.golife-center.com\/wp-content\/uploads\/2024\/06\/20230918_173341-1024x768.jpg 1024w, https:\/\/www.golife-center.com\/wp-content\/uploads\/2024\/06\/20230918_173341-768x576.jpg 768w, https:\/\/www.golife-center.com\/wp-content\/uploads\/2024\/06\/20230918_173341-16x12.jpg 16w\" sizes=\"(max-width: 1200px) 100vw, 1200px\" \/>\t\t\t\t\t<\/div>\n\t<\/div>\n\t<\/div>\n<div class=\"qodef-e swiper-slide\">\n\t<div class=\"qodef-e-inner\">\n\t\t<div class=\"qodef-e-inner-holder\">\n\t\t\t\t\t\t\t<img loading=\"lazy\" decoding=\"async\" width=\"1200\" height=\"900\" src=\"https:\/\/www.golife-center.com\/wp-content\/uploads\/2024\/06\/20230918_175115.jpg\" class=\"attachment-full size-full\" alt=\"\" srcset=\"https:\/\/www.golife-center.com\/wp-content\/uploads\/2024\/06\/20230918_175115.jpg 1200w, https:\/\/www.golife-center.com\/wp-content\/uploads\/2024\/06\/20230918_175115-300x225.jpg 300w, https:\/\/www.golife-center.com\/wp-content\/uploads\/2024\/06\/20230918_175115-1024x768.jpg 1024w, https:\/\/www.golife-center.com\/wp-content\/uploads\/2024\/06\/20230918_175115-768x576.jpg 768w, https:\/\/www.golife-center.com\/wp-content\/uploads\/2024\/06\/20230918_175115-16x12.jpg 16w\" sizes=\"(max-width: 1200px) 100vw, 1200px\" \/>\t\t\t\t\t<\/div>\n\t<\/div>\n\t<\/div>\n<div class=\"qodef-e swiper-slide\">\n\t<div class=\"qodef-e-inner\">\n\t\t<div class=\"qodef-e-inner-holder\">\n\t\t\t\t\t\t\t<img loading=\"lazy\" decoding=\"async\" width=\"1200\" height=\"900\" src=\"https:\/\/www.golife-center.com\/wp-content\/uploads\/2024\/06\/20230918_1751560.jpg\" class=\"attachment-full size-full\" alt=\"\" srcset=\"https:\/\/www.golife-center.com\/wp-content\/uploads\/2024\/06\/20230918_1751560.jpg 1200w, https:\/\/www.golife-center.com\/wp-content\/uploads\/2024\/06\/20230918_1751560-300x225.jpg 300w, https:\/\/www.golife-center.com\/wp-content\/uploads\/2024\/06\/20230918_1751560-1024x768.jpg 1024w, https:\/\/www.golife-center.com\/wp-content\/uploads\/2024\/06\/20230918_1751560-768x576.jpg 768w, https:\/\/www.golife-center.com\/wp-content\/uploads\/2024\/06\/20230918_1751560-16x12.jpg 16w\" sizes=\"(max-width: 1200px) 100vw, 1200px\" \/>\t\t\t\t\t<\/div>\n\t<\/div>\n\t<\/div>\n<div class=\"qodef-e swiper-slide\">\n\t<div class=\"qodef-e-inner\">\n\t\t<div class=\"qodef-e-inner-holder\">\n\t\t\t\t\t\t\t<img loading=\"lazy\" decoding=\"async\" width=\"1200\" height=\"900\" src=\"https:\/\/www.golife-center.com\/wp-content\/uploads\/2024\/06\/20230918_175551.jpg\" class=\"attachment-full size-full\" alt=\"\" srcset=\"https:\/\/www.golife-center.com\/wp-content\/uploads\/2024\/06\/20230918_175551.jpg 1200w, https:\/\/www.golife-center.com\/wp-content\/uploads\/2024\/06\/20230918_175551-300x225.jpg 300w, https:\/\/www.golife-center.com\/wp-content\/uploads\/2024\/06\/20230918_175551-1024x768.jpg 1024w, https:\/\/www.golife-center.com\/wp-content\/uploads\/2024\/06\/20230918_175551-768x576.jpg 768w, https:\/\/www.golife-center.com\/wp-content\/uploads\/2024\/06\/20230918_175551-16x12.jpg 16w\" sizes=\"(max-width: 1200px) 100vw, 1200px\" \/>\t\t\t\t\t<\/div>\n\t<\/div>\n\t<\/div>\n<div class=\"qodef-e swiper-slide\">\n\t<div class=\"qodef-e-inner\">\n\t\t<div class=\"qodef-e-inner-holder\">\n\t\t\t\t\t\t\t<img loading=\"lazy\" decoding=\"async\" width=\"1200\" height=\"900\" src=\"https:\/\/www.golife-center.com\/wp-content\/uploads\/2024\/06\/20230918_092253.jpg\" class=\"attachment-full size-full\" alt=\"\" srcset=\"https:\/\/www.golife-center.com\/wp-content\/uploads\/2024\/06\/20230918_092253.jpg 1200w, https:\/\/www.golife-center.com\/wp-content\/uploads\/2024\/06\/20230918_092253-300x225.jpg 300w, https:\/\/www.golife-center.com\/wp-content\/uploads\/2024\/06\/20230918_092253-1024x768.jpg 1024w, https:\/\/www.golife-center.com\/wp-content\/uploads\/2024\/06\/20230918_092253-768x576.jpg 768w, https:\/\/www.golife-center.com\/wp-content\/uploads\/2024\/06\/20230918_092253-16x12.jpg 16w\" sizes=\"(max-width: 1200px) 100vw, 1200px\" \/>\t\t\t\t\t<\/div>\n\t<\/div>\n\t<\/div>\n<div class=\"qodef-e swiper-slide\">\n\t<div class=\"qodef-e-inner\">\n\t\t<div class=\"qodef-e-inner-holder\">\n\t\t\t\t\t\t\t<img loading=\"lazy\" decoding=\"async\" width=\"1200\" height=\"900\" src=\"https:\/\/www.golife-center.com\/wp-content\/uploads\/2024\/06\/20230918_151300.jpg\" class=\"attachment-full size-full\" alt=\"\" srcset=\"https:\/\/www.golife-center.com\/wp-content\/uploads\/2024\/06\/20230918_151300.jpg 1200w, https:\/\/www.golife-center.com\/wp-content\/uploads\/2024\/06\/20230918_151300-300x225.jpg 300w, https:\/\/www.golife-center.com\/wp-content\/uploads\/2024\/06\/20230918_151300-1024x768.jpg 1024w, https:\/\/www.golife-center.com\/wp-content\/uploads\/2024\/06\/20230918_151300-768x576.jpg 768w, https:\/\/www.golife-center.com\/wp-content\/uploads\/2024\/06\/20230918_151300-16x12.jpg 16w\" sizes=\"(max-width: 1200px) 100vw, 1200px\" \/>\t\t\t\t\t<\/div>\n\t<\/div>\n\t<\/div>\n<div class=\"qodef-e swiper-slide\">\n\t<div class=\"qodef-e-inner\">\n\t\t<div class=\"qodef-e-inner-holder\">\n\t\t\t\t\t\t\t<img loading=\"lazy\" decoding=\"async\" width=\"1200\" height=\"900\" src=\"https:\/\/www.golife-center.com\/wp-content\/uploads\/2024\/06\/20230918_075308.jpg\" class=\"attachment-full size-full\" alt=\"\" srcset=\"https:\/\/www.golife-center.com\/wp-content\/uploads\/2024\/06\/20230918_075308.jpg 1200w, https:\/\/www.golife-center.com\/wp-content\/uploads\/2024\/06\/20230918_075308-300x225.jpg 300w, https:\/\/www.golife-center.com\/wp-content\/uploads\/2024\/06\/20230918_075308-1024x768.jpg 1024w, https:\/\/www.golife-center.com\/wp-content\/uploads\/2024\/06\/20230918_075308-768x576.jpg 768w, https:\/\/www.golife-center.com\/wp-content\/uploads\/2024\/06\/20230918_075308-16x12.jpg 16w\" sizes=\"(max-width: 1200px) 100vw, 1200px\" \/>\t\t\t\t\t<\/div>\n\t<\/div>\n\t<\/div>\n\t<\/div>\n\t\t<div class=\"swiper-button-prev\"><svg class=\"qodef-swiper-arrow-left\" xmlns=\"http:\/\/www.w3.org\/2000\/svg\" x=\"0px\" y=\"0px\" viewbox=\"0 0 34.2 32.3\" xml:space=\"preserve\" style=\"stroke-width: 2;\"><line x1=\"0.5\" y1=\"16\" x2=\"33.5\" y2=\"16\"\/><line x1=\"0.3\" y1=\"16.5\" x2=\"16.2\" y2=\"0.7\"\/><line x1=\"0\" y1=\"15.4\" x2=\"16.2\" y2=\"31.6\"\/><\/svg><\/div>\n\t<div class=\"swiper-button-next\"><svg class=\"qodef-swiper-arrow-right\" xmlns=\"http:\/\/www.w3.org\/2000\/svg\" x=\"0px\" y=\"0px\" viewbox=\"0 0 34.2 32.3\" xml:space=\"preserve\" style=\"stroke-width: 2;\"><line x1=\"0\" y1=\"16\" x2=\"33\" y2=\"16\"\/><line x1=\"17.3\" y1=\"0.7\" x2=\"33.2\" y2=\"16.5\"\/><line x1=\"17.3\" y1=\"31.6\" x2=\"33.5\" y2=\"15.4\"\/><\/svg><\/div>\n<\/div>\n\t\t\t\t<\/div>\n\t\t\t\t<\/div>\n\t\t\t\t\t<\/div>\n\t\t<\/div>\n\t\t\t\t\t<\/div>\n\t\t<\/section>\n\t\t\t\t<section class=\"elementor-section elementor-top-section elementor-element elementor-element-e280687 elementor-section-boxed elementor-section-height-default elementor-section-height-default qodef-elementor-content-no\" data-id=\"e280687\" data-element_type=\"section\" data-e-type=\"section\">\n\t\t\t\t\t\t<div class=\"elementor-container elementor-column-gap-default\">\n\t\t\t\t\t<div class=\"elementor-column elementor-col-66 elementor-top-column elementor-element elementor-element-7c70829\" data-id=\"7c70829\" data-element_type=\"column\" data-e-type=\"column\">\n\t\t\t<div class=\"elementor-widget-wrap elementor-element-populated\">\n\t\t\t\t\t\t<div class=\"elementor-element elementor-element-768e242 elementor-widget elementor-widget-kamperen_core_section_title\" data-id=\"768e242\" data-element_type=\"widget\" data-e-type=\"widget\" data-widget_type=\"kamperen_core_section_title.default\">\n\t\t\t\t<div class=\"elementor-widget-container\">\n\t\t\t\t\t<div class=\"qodef-shortcode qodef-m  qodef-section-title qodef-alignment--left\">\n\t\t\t<h2 class=\"qodef-m-title\" >\n\t\t\t\t\tProstori\t\t\t<\/h2>\n\t<\/div>\n\t\t\t\t<\/div>\n\t\t\t\t<\/div>\n\t\t\t\t<div class=\"elementor-element elementor-element-a2fada3 elementor-widget__width-initial elementor-widget elementor-widget-text-editor\" data-id=\"a2fada3\" data-element_type=\"widget\" data-e-type=\"widget\" data-widget_type=\"text-editor.default\">\n\t\t\t\t<div class=\"elementor-widget-container\">\n\t\t\t\t\t\t\t\t\t<h4>Main Features:<\/h4>\n<ul>\n<li><strong>Location:<\/strong> Camp oaza Mira (<a style=\"color: var(--jkqx2); -webkit-tap-highlight-color: rgba(0, 0, 0, 0.1); font-family: arial, sans-serif; font-size: 14px; background-color: #ffffff;\" tabindex=\"0\" href=\"https:\/\/www.google.com\/maps\/place\/\/data=!4m2!3m1!1s0x134adebfaf42ca3b:0x8d528c2bd7aadd5e?sa=X&amp;ved=1t:8290&amp;ictx=111\" data-url=\"\/maps\/place\/\/data=!4m2!3m1!1s0x134adebfaf42ca3b:0x8d528c2bd7aadd5e?sa=X&amp;ved=2ahUKEwjohbiQ-viGAxW48LsIHQacBkUQ4kB6BAgHEAA\">2 Dr. Franje Tu\u0111mana, 23211, Drage, Hrva\u0161ka<\/a>)<\/li>\n<li><strong>Terrace:<\/strong> Large terrace offering plenty of space for relaxation, sunbathing, or outdoor dining<\/li>\n<li><strong>Comfort:<\/strong> Modern furnishings and luxurious materials for maximum comfort<\/li>\n<li><strong>Views:<\/strong> Direct sea view, providing relaxing and breathtaking panoramas<\/li>\n<\/ul>\n<h4>Spaces and Equipment:<\/h4>\n<p><strong>Bedroom 1:<\/strong> (Bed 180x200, bed linen)<\/p>\n<p><strong>\u2013 Bathroom <\/strong>(Massage shower, towels, toilet, sink)<\/p>\n<p><strong>Bedroom 2: <\/strong>(Bed 180x200 + 90x200, bed linen)<\/p>\n<p><strong>\u2013 Bathroom <\/strong>(Massage shower, towels, washing machine, toilet, sink)<\/p>\n<p><strong>\u2013 Terrace <\/strong>(Deck chairs, beautiful view)<\/p>\n<p><strong>Outdoor Dining Area&nbsp;&nbsp;<\/strong><\/p>\n<p><strong>Kitchen and Dining Room: <\/strong>(Stove, refrigerator + freezer, dishwasher, air conditioning, table and small sofa)<\/p>\n<p><\/p>\n<h4>Activities and Surroundings:<\/h4>\n<ul>\n<li><strong>Beach:<\/strong> Quick access to the beach for sunbathing, swimming, and water sports<\/li>\n<li><strong>Restaurants:<\/strong> Close to excellent restaurants offering local and international culinary delights<\/li>\n<li><strong>Recreation:<\/strong> Opportunities for walking, cycling, and exploring nearby natural beauties<\/li>\n<\/ul>\t\t\t\t\t\t\t\t<\/div>\n\t\t\t\t<\/div>\n\t\t\t\t<div class=\"elementor-element elementor-element-f5954d4 elementor-widget elementor-widget-kamperen_core_section_title\" data-id=\"f5954d4\" data-element_type=\"widget\" data-e-type=\"widget\" data-widget_type=\"kamperen_core_section_title.default\">\n\t\t\t\t<div class=\"elementor-widget-container\">\n\t\t\t\t\t<div class=\"qodef-shortcode qodef-m  qodef-section-title qodef-alignment--left\">\n\t\t\t<h2 class=\"qodef-m-title\" >\n\t\t\t\t\tAvailability\t\t\t<\/h2>\n\t<\/div>\n\t\t\t\t<\/div>\n\t\t\t\t<\/div>\n\t\t\t\t<div class=\"elementor-element elementor-element-24bcc6d elementor-widget elementor-widget-html\" data-id=\"24bcc6d\" data-element_type=\"widget\" data-e-type=\"widget\" data-no-translation=\"\" data-widget_type=\"html.default\">\n\t\t\t\t<div class=\"elementor-widget-container\">\n\t\t\t\t\t<style>.elementor-element-24bcc6d{display:none !important}<\/style>\t\t\t\t<\/div>\n\t\t\t\t<\/div>\n\t\t\t\t<div class=\"elementor-element elementor-element-db47c51 elementor-widget elementor-widget-html\" data-id=\"db47c51\" data-element_type=\"widget\" data-e-type=\"widget\" data-no-translation=\"\" data-widget_type=\"html.default\">\n\t\t\t\t<div class=\"elementor-widget-container\">\n\t\t\t\t\t<script src=\"\/\/www.bentral.com\/service\/embed\/calendar.js?uid=5f5441784f44634d&last=true&key=93aa91340dcdd98d9db7fe2561633f83\"><\/script>\t\t\t\t<\/div>\n\t\t\t\t<\/div>\n\t\t\t\t\t<\/div>\n\t\t<\/div>\n\t\t\t\t<div class=\"elementor-column elementor-col-33 elementor-top-column elementor-element elementor-element-f40930c\" data-id=\"f40930c\" data-element_type=\"column\" data-e-type=\"column\">\n\t\t\t<div class=\"elementor-widget-wrap elementor-element-populated\">\n\t\t\t\t\t\t<div class=\"elementor-element elementor-element-2122517 elementor-widget elementor-widget-kamperen_core_section_title\" data-id=\"2122517\" data-element_type=\"widget\" data-e-type=\"widget\" data-widget_type=\"kamperen_core_section_title.default\">\n\t\t\t\t<div class=\"elementor-widget-container\">\n\t\t\t\t\t<div class=\"qodef-shortcode qodef-m  qodef-section-title qodef-alignment--left\">\n\t\t\t<h2 class=\"qodef-m-title\" >\n\t\t\t\t\tReservation\t\t\t<\/h2>\n\t<\/div>\n\t\t\t\t<\/div>\n\t\t\t\t<\/div>\n\t\t\t\t<div class=\"elementor-element elementor-element-3248bce elementor-widget elementor-widget-html\" data-id=\"3248bce\" data-element_type=\"widget\" data-e-type=\"widget\" data-no-translation=\"\" data-widget_type=\"html.default\">\n\t\t\t\t<div class=\"elementor-widget-container\">\n\t\t\t\t\t<style>.elementor-element-3248bce{display:none !important}<\/style>\t\t\t\t<\/div>\n\t\t\t\t<\/div>\n\t\t\t\t<div class=\"elementor-element elementor-element-3d81814 elementor-widget elementor-widget-html\" data-id=\"3d81814\" data-element_type=\"widget\" data-e-type=\"widget\" data-no-translation=\"\" data-widget_type=\"html.default\">\n\t\t\t\t<div class=\"elementor-widget-container\">\n\t\t\t\t\t<script src=\"\/\/www.bentral.com\/service\/embed\/booking.js?id=5f4449314e675f4e&key=93aa91340dcdd98d9db7fe2561633f83\"><\/script>\t\t\t\t<\/div>\n\t\t\t\t<\/div>\n\t\t\t\t\t<\/div>\n\t\t<\/div>\n\t\t\t\t\t<\/div>\n\t\t<\/section>\n\t\t\t\t<\/div>","protected":false},"excerpt":{"rendered":"<p>GoLife VILA MINIATURA Vila Miniatura je luksuzna po\u010ditni\u0161ka hi\u0161ka, zasnovana za popoln oddih ob morju. Ta \u010dudovita vila se nahaja le 30 metrov od morja, kar vam omogo\u010da hiter dostop do pla\u017ee in \u010dudovitih morskih razgledov. Osrednji prostor je kuhinja in jedilnica, s katere je prehod v spalnici. Vsaka spalnica ima svojo kopalnico in izstop [&hellip;]<\/p>\n","protected":false},"author":1,"featured_media":0,"parent":0,"menu_order":0,"comment_status":"closed","ping_status":"closed","template":"page-full-width.php","meta":{"footnotes":""},"class_list":["post-8977","page","type-page","status-publish","hentry"],"_links":{"self":[{"href":"https:\/\/www.golife-center.com\/en\/wp-json\/wp\/v2\/pages\/8977","targetHints":{"allow":["GET"]}}],"collection":[{"href":"https:\/\/www.golife-center.com\/en\/wp-json\/wp\/v2\/pages"}],"about":[{"href":"https:\/\/www.golife-center.com\/en\/wp-json\/wp\/v2\/types\/page"}],"author":[{"embeddable":true,"href":"https:\/\/www.golife-center.com\/en\/wp-json\/wp\/v2\/users\/1"}],"replies":[{"embeddable":true,"href":"https:\/\/www.golife-center.com\/en\/wp-json\/wp\/v2\/comments?post=8977"}],"version-history":[{"count":25,"href":"https:\/\/www.golife-center.com\/en\/wp-json\/wp\/v2\/pages\/8977\/revisions"}],"predecessor-version":[{"id":9088,"href":"https:\/\/www.golife-center.com\/en\/wp-json\/wp\/v2\/pages\/8977\/revisions\/9088"}],"wp:attachment":[{"href":"https:\/\/www.golife-center.com\/en\/wp-json\/wp\/v2\/media?parent=8977"}],"curies":[{"name":"wp","href":"https:\/\/api.w.org\/{rel}","templated":true}]}}